{"id":164,"date":"2020-04-02T11:21:52","date_gmt":"2020-04-02T11:21:52","guid":{"rendered":"http:\/\/revista-apunts.com\/politica-privacidad\/"},"modified":"2020-10-08T15:39:49","modified_gmt":"2020-10-08T15:39:49","slug":"privacy-policy","status":"publish","type":"page","link":"https:\/\/revista-apunts.com\/en\/privacy-policy\/","title":{"rendered":"Privacy Policy"},"content":{"rendered":"\n<h2 class=\"wp-block-heading\">I<strong>ntroducci\u00f3n<\/strong><\/h2>\n\n\n\n<p>En esta pol\u00edtica de protecci\u00f3n de datos te explicamos c\u00f3mo recopilamos, utilizamos, compartimos y protegemos tu informaci\u00f3n de car\u00e1cter personal.<\/p>\n\n\n\n<p>El principal objetivo de nuestra pol\u00edtica de protecci\u00f3n de datos es garantizar el total cumplimiento de la normativa vigente en materia de protecci\u00f3n de datos y privacidad y la seguridad en el tratamiento de tus datos personales.<\/p>\n\n\n\n<h2 class=\"wp-block-heading\"><strong>Responsable del tratamiento<\/strong><\/h2>\n\n\n\n<p>El responsable del tratamiento de la revista apunts. Educaci\u00f3n F\u00edsica y Deportes es INEFC. Instituto Nacional de Educaci\u00f3n F\u00edsica de Catalu\u00f1a, con domicilio en Barcelona (08038), en la Av. de l\u2019Estadi, 12-22, con CIF n\u00fam. Q840019C, tel\u00e9fono 93 425 54 45 Ext. 236, a \/ e: info@revista-apunts.com.<\/p>\n\n\n\n<p>INEFC. Instituto Nacional de Educaci\u00f3n F\u00edsica de Catalu\u00f1a ha nombrado un delegado de protecci\u00f3n de datos con la que se puede contactar a trav\u00e9s del siguiente correo electr\u00f3nico: dpd@revista-apunts.com.<\/p>\n\n\n\n<h2 class=\"wp-block-heading\"><strong>Finalidad del tratamiento<\/strong><\/h2>\n\n\n\n<p>Los datos personales facilitados por las personas relacionadas con apunts. Educaci\u00f3n F\u00edsica y Deportes, as\u00ed como, las obtenidas durante su relaci\u00f3n con la revista, ser\u00e1n tratados con la finalidad de realizar la gesti\u00f3n administrativa y organizativa, gestionar el env\u00edo de informaci\u00f3n relacionada con la actividad de la revista, la relaci\u00f3n hist\u00f3rica de cargos y responsabilidades de la organizaci\u00f3n y cumplir con otras obligaciones legales a las que est\u00e9 sujeto apunts. Educaci\u00f3n F\u00edsica y Deportes<\/p>\n\n\n\n<p>Del mismo modo, los datos personales obtenidos de las personas vinculadas a apunts. Educaci\u00f3n F\u00edsica y Deportes ser\u00e1n tratados con la finalidad de realizar la gesti\u00f3n administrativa y organizativa, gestionar tanto las solicitudes como el env\u00edo de informaci\u00f3n relacionada con la actividad de la revista.<\/p>\n\n\n\n<p>Las finalidades para las que ser\u00e1n tratados los datos personales del personal laboral de apunts. Educaci\u00f3n F\u00edsica y Deportes son realizar el control y gesti\u00f3n de los recursos editoriales. Asimismo, los datos de las personas participantes en los procesos de revisi\u00f3n de art\u00edculos, ser\u00e1n tratados para realizar el control y gesti\u00f3n de estos procesos.<\/p>\n\n\n\n<p>Los datos personales proporcionados a apunts. Educaci\u00f3n F\u00edsica y Deportes se conservar\u00e1n mientras el interesado no solicite su supresi\u00f3n. Una vez finalice la vinculaci\u00f3n de la persona interesada con la revista, los datos se podr\u00e1n conservar (bloqueadas), durante el tiempo establecido por la legislaci\u00f3n aplicable en cada caso. En todo caso, s\u00f3lo ser\u00e1n almacenados durante el tiempo necesario para dar cumplimiento a las posibles obligaciones legales.<\/p>\n\n\n\n<h2 class=\"wp-block-heading\"><strong>Legitimaci\u00f3n<\/strong><\/h2>\n\n\n\n<p>La base legal fundamental que permite a apunts. Educaci\u00f3n F\u00edsica y Deportes el tratamiento de los datos de las personas vinculadas a la revista es el consentimiento de la persona interesada expresado libremente bien con la firma de un boleto de vinculaci\u00f3n, bien aceptando la Pol\u00edtica de protecci\u00f3n de datos de forma expresa en el correspondiente formulario electr\u00f3nico.<\/p>\n\n\n\n<p>En algunas ocasiones, el tratamiento que lleva a cabo apunts. Educaci\u00f3n F\u00edsica y Deportes tiene como fundamento su inter\u00e9s leg\u00edtimo, como puede ser la promoci\u00f3n de su actividad editorial, as\u00ed como su crecimiento en prestigio, siempre que no prevalezcan los derechos y libertades fundamentales de las personas interesadas.<\/p>\n\n\n\n<p>Los contratos suscritos por apunts. Educaci\u00f3n F\u00edsica y Deportes, ya sean mercantiles, laborales o convenios de colaboraci\u00f3n, legitiman el tratamiento de datos de las partes.<\/p>\n\n\n\n<p>Por \u00faltimo, apunts. Educaci\u00f3n F\u00edsica y Deportes est\u00e1 legitimada por el tratamiento de aquellos datos necesarios para el cumplimiento de las obligaciones legales a las que est\u00e1 sujeto la Ley Org\u00e1nica 15\/1999, de 13 diciembre, de protecci\u00f3n de datos de car\u00e1cter personal (LOPD) y la Ley 34 \/ 2002, de 11 julio, de Servicios de la Sociedad de la Informaci\u00f3n y de Comercio Electr\u00f3nico (LSSICE) entre otros.<\/p>\n\n\n\n<h2 class=\"wp-block-heading\"><strong>Cesi\u00f3n de datos a terceros<\/strong><\/h2>\n\n\n\n<p>Los datos de las personas vinculadas a&nbsp;apunts. Educaci\u00f3n F\u00edsica y Deportes&nbsp; podr\u00e1n ser comunicados leg\u00edtimamente a:<\/p>\n\n\n\n<p>Las autoridades competentes para el cumplimiento de obligaciones legales: la Administraci\u00f3n Tributaria, juzgados y tribunales, Tribunal de Cuentas y otras administraciones p\u00fablicas con competencia en la materia.<\/p>\n\n\n\n<p>No se realizan transferencias de datos a pa\u00edses terceros o en organizaciones internacionales.<\/p>\n\n\n\n<p>Los asesores profesionales y terceros proveedores de servicios de apunts. Educaci\u00f3n F\u00edsica y Deportes INEFC. Instituto Nacional de Educaci\u00f3n F\u00edsica de Catalu\u00f1a: en caso de que sea necesario que los datos personales facilitados a apunts. Educaci\u00f3n F\u00edsica y Deportes sean tratados por asesores profesionales o prestadores de servicios, \u00e9stos actuar\u00e1n como encargados del tratamiento de acuerdo con el contrato firmado a tal efecto y de acuerdo con lo establecido en el RGPD.<\/p>\n\n\n\n<h2 class=\"wp-block-heading\"><strong>Derechos de las personas interesadas<\/strong><\/h2>\n\n\n\n<p>A continuaci\u00f3n, se enumeran los derechos en materia de protecci\u00f3n de datos que tienen los interesados:<\/p>\n\n\n\n<ul><li>Derecho de acceso: solicitar una copia de sus datos personales que apuntes. Educaci\u00f3n F\u00edsica y Deportes tiene almacenadas.<\/li><li>Derecho de rectificaci\u00f3n o supresi\u00f3n: solicitar la rectificaci\u00f3n de los datos inexactos, pedir su actualizaci\u00f3n o su supresi\u00f3n.<\/li><li>Derecho de limitaci\u00f3n: solicitar la limitaci\u00f3n del tratamiento de los datos personales, en este caso las conservaremos \u00fanicamente para el ejercicio o defensa de reclamaciones.<\/li><li>Derecho de oposici\u00f3n al tratamiento: solicitar que apuntes. Educaci\u00f3n F\u00edsica y Deportes deje de tratar los datos, en la forma que lo indique, salvo que, por motivos leg\u00edtimos, imperiosos o con motivo del ejercicio o defensa de posibles reclamaciones deban seguir tratando.<\/li><li>Derecho a la portabilidad: solicitar que sus datos sean tratados por otro responsable, en este caso, apuntes. Educaci\u00f3n F\u00edsica y Deportes facilitar\u00e1 la portabilidad.<\/li><\/ul>\n\n\n\n<p>El interesado podr\u00e1, en cualquier momento, retirar su consentimiento para el tratamiento espec\u00edfico de sus datos de car\u00e1cter personal. Esto, sin embargo, no afectar\u00e1 a la licitud del tratamiento basado en el consentimiento con anterioridad a su retirada.<\/p>\n\n\n\n<p>El interesado podr\u00e1 ejercer estos derechos dirigi\u00e9ndose a la persona delegada de protecci\u00f3n de datos mediante el correo electr\u00f3nico dpd@revista-apunts.com o bien a la direcci\u00f3n postal Av. de l\u2019Estadi, 12-22. 08038 Barcelona. La solicitud deber\u00e1 ser por escrito y deber\u00e1 acreditar la identidad del interesado, adjuntando una fotocopia del DNI, al tratarse de un derecho personal\u00edsimo.<\/p>\n\n\n\n<p>Asimismo, los interesados podr\u00e1n acudir a la Agencia Espa\u00f1ola de Protecci\u00f3n de Datos para reclamar el ejercicio de sus derechos o cualquier otra cuesti\u00f3n relacionada con el cumplimiento de la normativa de protecci\u00f3n de datos (m\u00e1s informaci\u00f3n en&nbsp;<a href=\"https:\/\/www.aepd.es\/\" target=\"_blank\" rel=\"noopener\">https:\/\/www.aepd.es\/<\/a>).<\/p>\n\n\n\n<h2 class=\"wp-block-heading\"><strong>Procedencia<\/strong><\/h2>\n\n\n\n<p>Los datos personales que trata apuntes. Educaci\u00f3n F\u00edsica y Deportes son comunicadas voluntariamente por los interesados en el momento de:<\/p>\n\n\n\n<ul><li>Firmar y entregar la petici\u00f3n de revisi\u00f3n de art\u00edculos para publicar en la revista.<\/li><li>Aceptar la Pol\u00edtica de protecci\u00f3n de datos de forma expresa en rellenar un formulario electr\u00f3nico de inscripci\u00f3n a un acto, de participaci\u00f3n en una campa\u00f1a o de solicitud de informaci\u00f3n.<\/li><li>Entregar el curr\u00edculo o aceptar ser revisor de la revista.<\/li><\/ul>\n","protected":false},"excerpt":{"rendered":"<p>Introducci\u00f3n En esta pol\u00edtica de protecci\u00f3n de datos te explicamos c\u00f3mo recopilamos, utilizamos, compartimos y protegemos tu informaci\u00f3n de car\u00e1cter personal. El principal objetivo de nuestra pol\u00edtica de protecci\u00f3n de datos es garantizar el total cumplimiento de la normativa vigente en materia de protecci\u00f3n de datos y privacidad y la seguridad en el tratamiento de [&hellip;]<\/p>\n","protected":false},"author":1,"featured_media":0,"parent":0,"menu_order":0,"comment_status":"closed","ping_status":"closed","template":"","meta":{"_editorskit_title_hidden":false,"_editorskit_reading_time":0,"_editorskit_is_block_options_detached":false,"_editorskit_block_options_position":"{}","inline_featured_image":false,"advgb_blocks_editor_width":"","advgb_blocks_columns_visual_guide":"","footnotes":""},"coauthors":[],"author_meta":{"author_link":"https:\/\/revista-apunts.com\/en\/author\/doc_inefc\/","display_name":"doc_inefc"},"relative_dates":{"created":"Posted 6 years ago","modified":"Updated 6 years ago"},"absolute_dates":{"created":"Posted on 2 April 2020","modified":"Updated on 8 October 2020"},"absolute_dates_time":{"created":"Posted on 2 April 2020 11:21","modified":"Updated on 8 October 2020 15:39"},"featured_img_caption":"","featured_img":false,"series_order":"","_links":{"self":[{"href":"https:\/\/revista-apunts.com\/en\/wp-json\/wp\/v2\/pages\/164\/"}],"collection":[{"href":"https:\/\/revista-apunts.com\/en\/wp-json\/wp\/v2\/pages\/"}],"about":[{"href":"https:\/\/revista-apunts.com\/en\/wp-json\/wp\/v2\/types\/page\/"}],"author":[{"embeddable":true,"href":"https:\/\/revista-apunts.com\/en\/wp-json\/wp\/v2\/users\/1\/"}],"replies":[{"embeddable":true,"href":"https:\/\/revista-apunts.com\/en\/wp-json\/wp\/v2\/comments\/?post=164"}],"version-history":[{"count":2,"href":"https:\/\/revista-apunts.com\/en\/wp-json\/wp\/v2\/pages\/164\/revisions\/"}],"predecessor-version":[{"id":7968,"href":"https:\/\/revista-apunts.com\/en\/wp-json\/wp\/v2\/pages\/164\/revisions\/7968\/"}],"wp:attachment":[{"href":"https:\/\/revista-apunts.com\/en\/wp-json\/wp\/v2\/media\/?parent=164"}],"curies":[{"name":"wp","href":"https:\/\/api.w.org\/{rel}","templated":true}]}}