{"id":67782,"date":"2025-04-09T09:08:44","date_gmt":"2025-04-09T09:08:44","guid":{"rendered":"https:\/\/revista-apunts.com\/?page_id=67782"},"modified":"2026-02-06T08:52:50","modified_gmt":"2026-02-06T08:52:50","slug":"estadistiques","status":"publish","type":"page","link":"https:\/\/revista-apunts.com\/ca\/estadistiques\/","title":{"rendered":"Estad\u00edstiques"},"content":{"rendered":"\n<h3 class=\"wp-block-heading\" id=\"datos-estadisticos-2024-2fe2ea07-3c7e-417e-8800-c34a509447e4\"><strong>Dades estad\u00edstiques 2025<\/strong><\/h3>\n\n\n\n<p>Com cada any, des de&nbsp;<em>Apunts. Educaci\u00f3 F\u00edsica i Esports<\/em>&nbsp;compartim de manera transparent els principals indicadors que reflecteixen l\u2019activitat i l\u2019evoluci\u00f3 de la revista durant el 2025.<\/p>\n\n\n\n<p>El nostre objectiu \u00e9s oferir una visi\u00f3 clara de la tasca editorial i cient\u00edfica que dona suport a la qualitat i al creixement constant d\u2019<em>Apunts<\/em>, consolidant la seva posici\u00f3 com a publicaci\u00f3 de refer\u00e8ncia en l\u2019\u00e0mbit de l\u2019educaci\u00f3 f\u00edsica, l\u2019esport i l\u2019activitat f\u00edsica.<\/p>\n\n\n\n<div class=\"wp-block-columns is-layout-flex wp-container-34 wp-block-columns-is-layout-flex\">\n<div class=\"wp-block-column is-layout-flow wp-block-column-is-layout-flow\">\n<h2 class=\"wp-block-heading has-text-align-center\">Articles<\/h2>\n\n\n\n<div class=\"wp-block-columns is-layout-flex wp-container-5 wp-block-columns-is-layout-flex\">\n<div class=\"wp-block-column is-layout-flow wp-block-column-is-layout-flow\">\n<div class=\"wp-block-advgb-count-up advgb-count-up count-up-f7f02128-874e-4114-bff6-8a34ea8b0231\" style=\"display:flex\"><div class=\"advgb-count-up-columns-one\"><h4 class=\"advgb-count-up-header\"><\/h4><div class=\"advgb-counter\" style=\"font-size:55px\"><span class=\"advgb-counter-number\">266<\/span><\/div><p class=\"advgb-count-up-desc\">Articles rebuts<span style=\"font-family: -webkit-standard; font-size: medium; text-align: start; white-space: normal;\"><\/span><\/p><\/div><\/div>\n<\/div>\n\n\n\n<div class=\"wp-block-column is-layout-flow wp-block-column-is-layout-flow\">\n<div class=\"wp-block-advgb-count-up advgb-count-up count-up-8fd79462-cb00-4d03-93cb-612d0b20dd24\" style=\"display:flex\"><div class=\"advgb-count-up-columns-one\"><h4 class=\"advgb-count-up-header\"><\/h4><div class=\"advgb-counter\" style=\"font-size:55px\"><span class=\"advgb-counter-number\">35<\/span><\/div><p class=\"advgb-count-up-desc\"><span style=\"font-size: 12pt; text-align: start; white-space: normal; font-family: Calibri, sans-serif;\">Revisions sol\u00b7licitades<\/span><span style=\"font-family: -webkit-standard; font-size: medium; text-align: start; white-space: normal;\"><\/span><\/p><\/div><\/div>\n<\/div>\n\n\n\n<div class=\"wp-block-column is-layout-flow wp-block-column-is-layout-flow\">\n<div class=\"wp-block-advgb-count-up advgb-count-up count-up-ee195e61-c7a9-4c81-baea-36930ab4e086\" style=\"display:flex\"><div class=\"advgb-count-up-columns-one\"><h4 class=\"advgb-count-up-header\"><\/h4><div class=\"advgb-counter\" style=\"font-size:55px\"><span class=\"advgb-counter-number\">28<\/span><\/div><p class=\"advgb-count-up-desc\"><span style=\"font-size: 12pt; text-align: start; white-space: normal; font-family: Calibri, sans-serif;\"><span class=\"s1\"><\/span>Articles publicats<p style=\"text-align: start; white-space: normal;\"><\/p><\/span><span style=\"font-family: -webkit-standard; font-size: medium; text-align: start; white-space: normal;\"><\/span><\/p><\/div><\/div>\n<\/div>\n\n\n\n<div class=\"wp-block-column is-layout-flow wp-block-column-is-layout-flow\">\n<div class=\"wp-block-advgb-count-up advgb-count-up count-up-315390b2-f18e-4f6b-9cdb-644ed335c812\" style=\"display:flex\"><div class=\"advgb-count-up-columns-one\"><h4 class=\"advgb-count-up-header\"><\/h4><div class=\"advgb-counter\" style=\"font-size:55px\"><span class=\"advgb-counter-number\">8<\/span><\/div><p class=\"advgb-count-up-desc\">Mesos de mitjana entre l\u2019enviament i la publicaci\u00f3<\/p><\/div><\/div>\n<\/div>\n<\/div>\n\n\n\n<h2 class=\"wp-block-heading has-text-align-center\">Web<\/h2>\n\n\n\n<div class=\"wp-block-columns is-layout-flex wp-container-9 wp-block-columns-is-layout-flex\">\n<div class=\"wp-block-column is-layout-flow wp-block-column-is-layout-flow\">\n<div class=\"wp-block-advgb-count-up advgb-count-up count-up-e1fbb352-261a-4833-bef6-37a282d86c43\" style=\"display:flex\"><div class=\"advgb-count-up-columns-one\"><h4 class=\"advgb-count-up-header\"><\/h4><div class=\"advgb-counter\" style=\"font-size:55px\"><span class=\"advgb-counter-number\">115.290<\/span><\/div><p class=\"advgb-count-up-desc\">Usuaris<\/p><\/div><\/div>\n<\/div>\n\n\n\n<div class=\"wp-block-column is-layout-flow wp-block-column-is-layout-flow\">\n<div class=\"wp-block-advgb-count-up advgb-count-up count-up-247a2aac-7e3d-48d4-814c-fa4c42d84c52\" style=\"display:flex\"><div class=\"advgb-count-up-columns-one\"><h4 class=\"advgb-count-up-header\"><\/h4><div class=\"advgb-counter\" style=\"font-size:55px\"><span class=\"advgb-counter-number\">163.305<\/span><\/div><p class=\"advgb-count-up-desc\">Visites<\/p><\/div><\/div>\n<\/div>\n\n\n\n<div class=\"wp-block-column is-layout-flow wp-block-column-is-layout-flow\">\n<div class=\"wp-block-advgb-count-up advgb-count-up count-up-71173afe-c1f5-463a-81b5-498308145b2f\" style=\"display:flex\"><div class=\"advgb-count-up-columns-one\"><h4 class=\"advgb-count-up-header\"><\/h4><div class=\"advgb-counter\" style=\"font-size:55px\"><span class=\"advgb-counter-number\">3&#8217;26<\/span><\/div><p class=\"advgb-count-up-desc\">Durada mitjana de la sessi\u00f3<\/p><\/div><\/div>\n<\/div>\n<\/div>\n\n\n\n<h2 class=\"wp-block-heading has-text-align-center\"><strong>Distribuci\u00f3 de les visites per idioma<\/strong><\/h2>\n\n\n\n<div class=\"wp-block-columns is-layout-flex wp-container-15 wp-block-columns-is-layout-flex\">\n<div class=\"wp-block-column is-layout-flow wp-block-column-is-layout-flow\"><\/div>\n\n\n\n<div class=\"wp-block-column is-layout-flow wp-block-column-is-layout-flow\">\n<div class=\"wp-block-advgb-count-up advgb-count-up count-up-af867863-4766-4b84-813e-3322f0118d62\" style=\"display:flex\"><div class=\"advgb-count-up-columns-one\"><h4 class=\"advgb-count-up-header\"><\/h4><div class=\"advgb-counter\" style=\"font-size:55px\"><span class=\"advgb-counter-number\">69%<\/span><\/div><p class=\"advgb-count-up-desc\">Espanyol<\/p><\/div><\/div>\n<\/div>\n\n\n\n<div class=\"wp-block-column is-layout-flow wp-block-column-is-layout-flow\">\n<div class=\"wp-block-advgb-count-up advgb-count-up count-up-21c11d49-86c9-46ea-bece-647a66b911c6\" style=\"display:flex\"><div class=\"advgb-count-up-columns-one\"><h4 class=\"advgb-count-up-header\"><\/h4><div class=\"advgb-counter\" style=\"font-size:55px\"><span class=\"advgb-counter-number\">20%<\/span><\/div><p class=\"advgb-count-up-desc\">Angl\u00e8s<\/p><\/div><\/div>\n<\/div>\n\n\n\n<div class=\"wp-block-column is-layout-flow wp-block-column-is-layout-flow\">\n<div class=\"wp-block-advgb-count-up advgb-count-up count-up-73148c59-fcec-4845-82a7-3e5f72d668a7\" style=\"display:flex\"><div class=\"advgb-count-up-columns-one\"><h4 class=\"advgb-count-up-header\"><\/h4><div class=\"advgb-counter\" style=\"font-size:55px\"><span class=\"advgb-counter-number\">11%<\/span><\/div><p class=\"advgb-count-up-desc\">Catal\u00e0<\/p><\/div><\/div>\n<\/div>\n\n\n\n<div class=\"wp-block-column is-layout-flow wp-block-column-is-layout-flow\"><\/div>\n<\/div>\n\n\n\n<h2 class=\"wp-block-heading has-text-align-center\"><strong>Distribuci\u00f3 geogr\u00e0fica de les visites<\/strong><\/h2>\n\n\n\n<div class=\"wp-block-columns is-layout-flex wp-container-21 wp-block-columns-is-layout-flex\">\n<div class=\"wp-block-column is-layout-flow wp-block-column-is-layout-flow\">\n<div class=\"wp-block-advgb-count-up advgb-count-up count-up-21c9a4cf-4aa1-4dbe-8d9a-fb197232d939\" style=\"display:flex\"><div class=\"advgb-count-up-columns-one\"><h4 class=\"advgb-count-up-header\"><\/h4><div class=\"advgb-counter\" style=\"font-size:55px\"><span class=\"advgb-counter-number\">47%<\/span><\/div><p class=\"advgb-count-up-desc\">Espanya<\/p><\/div><\/div>\n<\/div>\n\n\n\n<div class=\"wp-block-column is-layout-flow wp-block-column-is-layout-flow\">\n<div class=\"wp-block-advgb-count-up advgb-count-up count-up-00ba6f50-f574-4721-88bc-03f2ada4c808\" style=\"display:flex\"><div class=\"advgb-count-up-columns-one\"><h4 class=\"advgb-count-up-header\"><\/h4><div class=\"advgb-counter\" style=\"font-size:55px\"><span class=\"advgb-counter-number\">7%<\/span><\/div><p class=\"advgb-count-up-desc\">M\u00e8xic<\/p><\/div><\/div>\n<\/div>\n\n\n\n<div class=\"wp-block-column is-layout-flow wp-block-column-is-layout-flow\">\n<div class=\"wp-block-advgb-count-up advgb-count-up count-up-e2edc8e7-0635-4e7a-b919-eb1863f3b1e5\" style=\"display:flex\"><div class=\"advgb-count-up-columns-one\"><h4 class=\"advgb-count-up-header\"><\/h4><div class=\"advgb-counter\" style=\"font-size:55px\"><span class=\"advgb-counter-number\">8%<\/span><\/div><p class=\"advgb-count-up-desc\">Col\u00f2mbia<\/p><\/div><\/div>\n<\/div>\n\n\n\n<div class=\"wp-block-column is-layout-flow wp-block-column-is-layout-flow\">\n<div class=\"wp-block-advgb-count-up advgb-count-up count-up-e9a3e76a-37c1-4501-8a54-18127f3891e0\" style=\"display:flex\"><div class=\"advgb-count-up-columns-one\"><h4 class=\"advgb-count-up-header\"><\/h4><div class=\"advgb-counter\" style=\"font-size:55px\"><span class=\"advgb-counter-number\">3%<\/span><\/div><p class=\"advgb-count-up-desc\">Estats Units<\/p><\/div><\/div>\n<\/div>\n\n\n\n<div class=\"wp-block-column is-layout-flow wp-block-column-is-layout-flow\">\n<div class=\"wp-block-advgb-count-up advgb-count-up count-up-75de12a9-29c4-4681-b57f-70d46b793ced\" style=\"display:flex\"><div class=\"advgb-count-up-columns-one\"><h4 class=\"advgb-count-up-header\"><\/h4><div class=\"advgb-counter\" style=\"font-size:55px\"><span class=\"advgb-counter-number\">5%<\/span><\/div><p class=\"advgb-count-up-desc\">Argentina<\/p><\/div><\/div>\n<\/div>\n<\/div>\n\n\n\n<div class=\"wp-block-columns is-layout-flex wp-container-27 wp-block-columns-is-layout-flex\">\n<div class=\"wp-block-column is-layout-flow wp-block-column-is-layout-flow\">\n<div class=\"wp-block-advgb-count-up advgb-count-up count-up-a3f81e3d-309e-4eb7-bd77-fd599b374ef4\" style=\"display:flex\"><div class=\"advgb-count-up-columns-one\"><h4 class=\"advgb-count-up-header\"><\/h4><div class=\"advgb-counter\" style=\"font-size:55px\"><span class=\"advgb-counter-number\">4%<\/span><\/div><p class=\"advgb-count-up-desc\">Per\u00fa<\/p><\/div><\/div>\n<\/div>\n\n\n\n<div class=\"wp-block-column is-layout-flow wp-block-column-is-layout-flow\">\n<div class=\"wp-block-advgb-count-up advgb-count-up count-up-44329824-4280-44b0-9b93-4da283c3c8e3\" style=\"display:flex\"><div class=\"advgb-count-up-columns-one\"><h4 class=\"advgb-count-up-header\"><\/h4><div class=\"advgb-counter\" style=\"font-size:55px\"><span class=\"advgb-counter-number\">3%<\/span><\/div><p class=\"advgb-count-up-desc\">Xile<\/p><\/div><\/div>\n<\/div>\n\n\n\n<div class=\"wp-block-column is-layout-flow wp-block-column-is-layout-flow\">\n<div class=\"wp-block-advgb-count-up advgb-count-up count-up-915a4103-dbae-43fa-b8b3-1cd18b5c3ee6\" style=\"display:flex\"><div class=\"advgb-count-up-columns-one\"><h4 class=\"advgb-count-up-header\"><\/h4><div class=\"advgb-counter\" style=\"font-size:55px\"><span class=\"advgb-counter-number\">2%<\/span><\/div><p class=\"advgb-count-up-desc\">Equador<\/p><\/div><\/div>\n<\/div>\n\n\n\n<div class=\"wp-block-column is-layout-flow wp-block-column-is-layout-flow\">\n<div class=\"wp-block-advgb-count-up advgb-count-up count-up-a15e7e43-0ca8-4cce-98d9-6c29ee2eb5db\" style=\"display:flex\"><div class=\"advgb-count-up-columns-one\"><h4 class=\"advgb-count-up-header\"><\/h4><div class=\"advgb-counter\" style=\"font-size:55px\"><span class=\"advgb-counter-number\">2%<\/span><\/div><p class=\"advgb-count-up-desc\">Regne Unit<\/p><\/div><\/div>\n<\/div>\n\n\n\n<div class=\"wp-block-column is-layout-flow wp-block-column-is-layout-flow\">\n<div class=\"wp-block-advgb-count-up advgb-count-up count-up-a4c35c94-1c62-471e-b9bc-085c9a719a00\" style=\"display:flex\"><div class=\"advgb-count-up-columns-one\"><h4 class=\"advgb-count-up-header\"><\/h4><div class=\"advgb-counter\" style=\"font-size:55px\"><span class=\"advgb-counter-number\">19%<\/span><\/div><p class=\"advgb-count-up-desc\">Altres<\/p><\/div><\/div>\n<\/div>\n<\/div>\n\n\n\n<p><\/p>\n\n\n\n<h2 class=\"wp-block-heading has-text-align-center\"><strong>Revisors<\/strong><\/h2>\n\n\n\n<div class=\"wp-block-columns is-layout-flex wp-container-32 wp-block-columns-is-layout-flex\">\n<div class=\"wp-block-column is-layout-flow wp-block-column-is-layout-flow\"><\/div>\n\n\n\n<div class=\"wp-block-column is-layout-flow wp-block-column-is-layout-flow\">\n<div class=\"wp-block-advgb-count-up advgb-count-up count-up-0056da84-52e6-4631-9e38-0e5f44d8fad0\" style=\"display:flex\"><div class=\"advgb-count-up-columns-one\"><h4 class=\"advgb-count-up-header\"><\/h4><div class=\"advgb-counter\" style=\"font-size:55px\"><span class=\"advgb-counter-number\">52%<\/span><\/div><p class=\"advgb-count-up-desc\">Homes<\/p><\/div><\/div>\n<\/div>\n\n\n\n<div class=\"wp-block-column is-layout-flow wp-block-column-is-layout-flow\">\n<div class=\"wp-block-advgb-count-up advgb-count-up count-up-732cfcd6-cf93-4537-a889-f14cd23e0085\" style=\"display:flex\"><div class=\"advgb-count-up-columns-one\"><h4 class=\"advgb-count-up-header\"><\/h4><div class=\"advgb-counter\" style=\"font-size:55px\"><span class=\"advgb-counter-number\">48%<\/span><\/div><p class=\"advgb-count-up-desc\">Dones<\/p><\/div><\/div>\n<\/div>\n\n\n\n<div class=\"wp-block-column is-layout-flow wp-block-column-is-layout-flow\"><\/div>\n<\/div>\n<\/div>\n<\/div>\n","protected":false},"excerpt":{"rendered":"<p>Dades estad\u00edstiques 2025 Com cada any, des de&nbsp;Apunts. Educaci\u00f3 F\u00edsica i Esports&nbsp;compartim de manera transparent els principals indicadors que reflecteixen l\u2019activitat i l\u2019evoluci\u00f3 de la revista durant el 2025. El nostre objectiu \u00e9s oferir una visi\u00f3 clara de la tasca editorial i cient\u00edfica que dona suport a la qualitat i al creixement constant d\u2019Apunts, consolidant [&hellip;]<\/p>\n","protected":false},"author":1,"featured_media":0,"parent":0,"menu_order":0,"comment_status":"closed","ping_status":"closed","template":"","meta":{"_editorskit_title_hidden":false,"_editorskit_reading_time":0,"_editorskit_is_block_options_detached":false,"_editorskit_block_options_position":"{}","inline_featured_image":false,"advgb_blocks_editor_width":"","advgb_blocks_columns_visual_guide":"","footnotes":""},"coauthors":[],"author_meta":{"author_link":"https:\/\/revista-apunts.com\/ca\/author\/doc_inefc\/","display_name":"doc_inefc"},"relative_dates":{"created":"Posted 1 any ago","modified":"Updated 3 mesos ago"},"absolute_dates":{"created":"Posted on 9 abril 2025","modified":"Updated on 6 febrer 2026"},"absolute_dates_time":{"created":"Posted on 9 abril 2025 09:08","modified":"Updated on 6 febrer 2026 08:52"},"featured_img_caption":"","featured_img":false,"series_order":"","_links":{"self":[{"href":"https:\/\/revista-apunts.com\/ca\/wp-json\/wp\/v2\/pages\/67782\/"}],"collection":[{"href":"https:\/\/revista-apunts.com\/ca\/wp-json\/wp\/v2\/pages\/"}],"about":[{"href":"https:\/\/revista-apunts.com\/ca\/wp-json\/wp\/v2\/types\/page\/"}],"author":[{"embeddable":true,"href":"https:\/\/revista-apunts.com\/ca\/wp-json\/wp\/v2\/users\/1\/"}],"replies":[{"embeddable":true,"href":"https:\/\/revista-apunts.com\/ca\/wp-json\/wp\/v2\/comments\/?post=67782"}],"version-history":[{"count":6,"href":"https:\/\/revista-apunts.com\/ca\/wp-json\/wp\/v2\/pages\/67782\/revisions\/"}],"predecessor-version":[{"id":70791,"href":"https:\/\/revista-apunts.com\/ca\/wp-json\/wp\/v2\/pages\/67782\/revisions\/70791\/"}],"wp:attachment":[{"href":"https:\/\/revista-apunts.com\/ca\/wp-json\/wp\/v2\/media\/?parent=67782"}],"curies":[{"name":"wp","href":"https:\/\/api.w.org\/{rel}","templated":true}]}}