{"id":541,"date":"2020-06-19T10:09:08","date_gmt":"2020-06-19T10:09:08","guid":{"rendered":"http:\/\/revista-apunts.com\/?page_id=541"},"modified":"2026-04-01T12:04:41","modified_gmt":"2026-04-01T12:04:41","slug":"normes-de-publicacio","status":"publish","type":"page","link":"https:\/\/revista-apunts.com\/ca\/normes-de-publicacio\/","title":{"rendered":"Normes de publicaci\u00f3"},"content":{"rendered":"\n<p class=\"has-black-color has-text-color has-medium-font-size\"><strong><strong><strong>L&#8217;Equip de Direcci\u00f3 Editorial pot desestimar aquells articles que no compleixin els requisits de la <a href=\"https:\/\/revista-apunts.com\/wp-content\/uploads\/2025\/03\/INEFC_Lista-Control-2025_CAT.pdf\" target=\"_blank\" aria-label=\"llista de control (opens in a new tab)\" rel=\"noreferrer noopener\" class=\"ek-link\">llista de control<\/a>, que presentin defici\u00e8ncies formals o metodol\u00f2giques o que no suposin una aportaci\u00f3 rellevant o d&#8217;inter\u00e8s per als \u00e0mbits tem\u00e0tics de la&nbsp;revista. <\/strong><\/strong><\/strong><\/p>\n\n\n\n<p class=\"has-black-color has-text-color has-medium-font-size\"><strong><strong><strong>Es notificar\u00e0 a les autories la desestimaci\u00f3 del seu article, sense opci\u00f3 de tornada,&nbsp;i no s\u2019hi mantindr\u00e0 correspond\u00e8ncia posterior.<\/strong><\/strong><\/strong><\/p>\n\n\n\n<h2 class=\"wp-block-heading\"><strong><strong>Recepci\u00f3 i gesti\u00f3 dels articles<\/strong><\/strong><\/h2>\n\n\n\n<p>La recepci\u00f3 de manuscrits quedar\u00e0 suspesa entre el 20 de desembre i el 8 de gener i entre el 15 de juliol i l\u20191 de setembre. A efectes formals, els documents enviats dintre d\u2019aquestes dates es consideraran rebuts el 9 de gener i el 2 de setembre, respectivament.<\/p>\n\n\n\n<p>Tingueu en compte que&nbsp;el primer filtre editorial es pot estendre fins a 45 dies laborables en funci\u00f3 del volum de recepci\u00f3 d&#8217;articles.<\/p>\n\n\n\n<p>Si teniu qualsevol dubte relatiu a la tramesa del material envieu un correu electr\u00f2nic a <a href=\"mailto:info@revista-apunts.com\" target=\"_blank\" aria-label=\"info@revista-apunts.com (opens in a new tab)\" rel=\"noreferrer noopener\" class=\"ek-link\">info@revista-apunts.com<\/a><\/p>\n\n\n\n<h2 class=\"wp-block-heading\"><strong><strong>Proc\u00e9s d&#8217;enviament de manuscrits <\/strong><\/strong><\/h2>\n\n\n\n<ul>\n<li><strong>PAS<\/strong> <strong><strong>1.<\/strong>&nbsp;<\/strong>INICI:<strong>&nbsp;comprovaci\u00f3 de l\u2019enviament; les autories transfereixen els drets de propietat i poden fer comentaris a l\u2019equip editorial.<\/strong><\/li>\n\n\n\n<li><strong>PAS<\/strong> <strong><strong>2.<\/strong>&nbsp;<\/strong>PENJAR DOCUMENT<strong>:&nbsp;<\/strong>es puja <strong>l\u2019article original (.doc .docx)<\/strong> que s\u2019ha de revisar i la seva traducci\u00f3 a les altres lleng\u00fces, si se\u2019n disposa.<\/li>\n\n\n\n<li><strong>PAS<\/strong> <strong>3.<\/strong> INTRODUIR LES METADADES: s&#8217;emplenen les dades personals de les autories i s&#8217;indica&nbsp;<strong>l&#8217;autor\/a de contacte.<\/strong><\/li>\n\n\n\n<li><strong>PAS 4<\/strong>. PENJAR FITXERS COMPLEMENTARIS:\n<ul>\n<li><strong><strong>P\u00e0gina de presentaci\u00f3<\/strong>&nbsp;<\/strong>en document de Microsoft Word o similar <strong>(<strong>eviteu PDF<\/strong>). <\/strong>Aquest document serveix per facilitar la tasca del gestor editorial i consta de:<strong>&nbsp;<strong>dades identificatives<\/strong>,&nbsp;<strong>afiliaci\u00f3 i&nbsp;dades de contacte<\/strong>&nbsp;<\/strong>de les autories,&nbsp;definint <strong>l\u2019autor\/a de correspond\u00e8ncia<\/strong>.<\/li>\n\n\n\n<li><strong><strong>Gr\u00e0fics, imatges i v\u00eddeos<\/strong>&nbsp;<\/strong>en alta qualitat per millorar l&#8217;article (optatiu).<\/li>\n<\/ul>\n<\/li>\n\n\n\n<li><strong>PAS<\/strong> <strong>5.<\/strong> CONFIRMACI\u00d3: pas final en el qual es confirma l&#8217;enviament.<\/li>\n<\/ul>\n\n\n\n<h2 class=\"wp-block-heading\"><strong><strong>Especificaci\u00f3 dels arxius a remetre a la plataforma en l\u00ednia<\/strong><\/strong><\/h2>\n\n\n\n<h3 class=\"wp-block-heading\"><strong>P\u00e0gina de presentaci\u00f3<\/strong><\/h3>\n\n\n\n<p>S\u2019ha de remetre a la direcci\u00f3 de la revista un sol exemplar (<strong>.doc\/docx<\/strong>), on s\u2019hi ha de fer&nbsp;constar:<\/p>\n\n\n\n<ul>\n<li><strong><strong>T\u00edtol del treball.&nbsp;<\/strong><\/strong><em>15 paraules com a m\u00e0xim.<\/em><\/li>\n\n\n\n<li><strong>Tipus d&#8217;article<\/strong>: article de recerca, revisi\u00f3 o carta de tipus cient\u00edfic, indicant&nbsp;la secci\u00f3&nbsp;on publicar-lo.&nbsp;<\/li>\n<\/ul>\n\n\n\n<ul>\n<li><strong><strong>Autories, afiliacions i identificadors cient\u00edfics<\/strong>.&nbsp;<\/strong>\n<ul>\n<li><strong><strong>Autories<\/strong>: <\/strong>els cercadors internacionals utilitzen per defecte <strong><strong>l&#8217;\u00faltim&nbsp;cognom<\/strong>. <\/strong>S\u2019aconsella indicar un<strong>&nbsp;<strong>sol cognom o la uni\u00f3 dels cognoms amb un gui\u00f3<\/strong>.<\/strong><\/li>\n\n\n\n<li><strong><strong>Afiliacions:<\/strong>&nbsp;<\/strong>han de ser les que reconeix oficialment cada instituci\u00f3.<\/li>\n\n\n\n<li>Incloure identificador personal de recerca&nbsp;<strong><strong>Publons<\/strong> (<strong>ResearcherID)<\/strong> i\/o ORCID.<\/strong><\/li>\n<\/ul>\n<\/li>\n\n\n\n<li><strong><strong>Autoria de correspond\u00e8ncia.&nbsp;<\/strong><\/strong>Indicar el correu electr\u00f2nic i el tel\u00e8fon de la persona que es designa com a&nbsp;enlla\u00e7 de correspond\u00e8ncia entre l&#8217;editorial i les altres autories.<\/li>\n<\/ul>\n\n\n\n<ul>\n<li><strong><strong>Totes les autories han de declarar<\/strong>:<\/strong>\n<ul>\n<li>Que \u00e9s un treball original.&nbsp;<\/li>\n\n\n\n<li>Que no ha estat publicat pr\u00e8viament en la seva totalitat o en part.&nbsp;<\/li>\n\n\n\n<li>Que no est\u00e0 en proc\u00e9s d&#8217;avaluaci\u00f3 en cap altra publicaci\u00f3.&nbsp;<\/li>\n\n\n\n<li>Que tots els autors\/autores es responsabilitzen de la versi\u00f3 final d&#8217;aquest article, en l&#8217;elaboraci\u00f3 del qual han contribu\u00eft.<\/li>\n\n\n\n<li>Que el fet de ser acceptat per a la seva publicaci\u00f3 comporta que es transfereixen tots els drets d\u2019autoria&nbsp;a l\u2019Institut Nacional d\u2019Educaci\u00f3 F\u00edsica de Catalunya (INEFC), el qual assumeix tots els drets exclusius per editar-lo, publicar-lo o reproduir-lo en qualsevol format, i sense el perm\u00eds del qual no podr\u00e0 reproduir-se parcialment o totalment cap dels materials que en formen part.<\/li>\n<\/ul>\n<\/li>\n<\/ul>\n\n\n\n<h2 class=\"wp-block-heading\"><strong>Article<\/strong><\/h2>\n\n\n\n<h3 class=\"wp-block-heading\"><strong>Format<\/strong><\/h3>\n\n\n\n<p>El manuscrit s\u2019ha de remetre en format Microsoft Word (.docx) o similar&nbsp;<strong>(no s\u2019accepta PDF)<\/strong>,&nbsp;<strong>imprescindible<\/strong>&nbsp;text a una columna&nbsp;i amb&nbsp;<strong>n\u00famero de l\u00ednia cont\u00ednua<\/strong>&nbsp;perqu\u00e8 els revisors puguin indicar els seus suggeriments.<\/p>\n\n\n\n<p>Tipus de lletra i mida:&nbsp;<\/p>\n\n\n\n<ul>\n<li>Fonts Sans Serif com ara Calibri d\u201911 punts, Arial d\u201911 punts o Lucida Sans Unicode de 10 punts.<\/li>\n\n\n\n<li>Fonts Serif com ara Times New Roman de 12 punts, Georgia d\u201911 punts o Computer Modern normal (10 punts) (la font predeterminada per a LaTeX).<\/li>\n<\/ul>\n\n\n\n<p>Interlineat: a doble espai (2,0) per a tot el text exceptuant-ne les notes a peu de p\u00e0gina. Marges: 2,54 cm. Sagnat: marcat amb el tabulador del teclat o sagnat de primera l\u00ednia a 1,25 (no utilitzeu barra espaiadora). Alineaci\u00f3 del text: a l\u2019esquerra.<\/p>\n\n\n\n<h2 class=\"wp-block-heading\"><strong><strong>Nombre total de paraules<\/strong><\/strong><\/h2>\n\n\n\n<p>Els articles no han de superar les 4.000 paraules, exceptuant-ne el t\u00edtol, autories, resum, taules, figures, agra\u00efments i refer\u00e8ncies, i poden incloure com a m\u00e0xim 8 taules o figures.<\/p>\n\n\n\n<p>Els articles per a la secci\u00f3&nbsp;<strong><em>Scientific&nbsp;Notes<\/em><\/strong>, que nom\u00e9s es publiquen en angl\u00e8s, han de contenir 1.500 paraules com a m\u00e0xim, a excepci\u00f3 del resum, paraules clau i agra\u00efments; i&nbsp;no poden incloure m\u00e9s de 8 taules o figures.&nbsp;<\/p>\n\n\n\n<p>Les figures que no s\u00f3n d&#8217;elaboraci\u00f3 pr\u00f2pia han d&#8217;estar correctament referenciades.<\/p>\n\n\n\n<h2 class=\"wp-block-heading\"><strong><strong>Idiomes<\/strong><\/strong><\/h2>\n\n\n\n<p>El document s\u2019ha d\u2019enviar en la llengua original en qu\u00e8 hagi estat redactat (catal\u00e0, castell\u00e0 o angl\u00e8s). Si es disposa de la traducci\u00f3 a una altra d\u2019aquestes tres lleng\u00fces, us agrairem que l\u2019adjunteu a continuaci\u00f3 del text original, en el mateix fitxer.<\/p>\n\n\n\n<h2 class=\"wp-block-heading\"><strong><strong>T\u00edtol<\/strong><\/strong><\/h2>\n\n\n\n<p><strong><strong>El t\u00edtol no ha de superar les 15 paraules<\/strong><\/strong>, i ha de ser inequ\u00edvoc i comprensible per al p\u00fablic especialitzat. Ha d&#8217;incloure l&#8217;objecte d&#8217;estudi (la tem\u00e0tica) i, si escau, el m\u00e8tode de treball emprat.<\/p>\n\n\n\n<h2 class=\"wp-block-heading\"><strong><strong>Autories i afiliacions<\/strong><\/strong><\/h2>\n\n\n\n<p>Autories: els cercadors internacionals utilitzen per defecte l\u2019\u00faltim cognom. Aconsellem indicar un sol cognom o la uni\u00f3 dels cognoms amb un gui\u00f3. Afiliacions: han de ser les que reconeix oficialment cada instituci\u00f3. S\u2019ha d\u2019incloure l\u2019identificador personal d\u2019investigaci\u00f3 ResearcherID (Publons) i\/o ORCID.<\/p>\n\n\n\n<h2 class=\"wp-block-heading\"><strong>Resum<\/strong><\/h2>\n\n\n\n<p>El resum ha de ser com a&nbsp;<strong class=\"\">m\u00e0xim de&nbsp;250 paraules<\/strong>&nbsp;i no ha d&#8217;incloure refer\u00e8ncies; s\u2019ha de redactar en passat.&nbsp;No s&#8217;ha de compartimentar en apartats per\u00f2 s\u00ed que ha de contenir informaci\u00f3 rellevant sobre l&#8217;inter\u00e8s de l&#8217;estudi, els objectius, el m\u00e8tode i els principals resultats obtinguts.<\/p>\n\n\n\n<h2 class=\"wp-block-heading\"><strong><strong>Paraules clau<\/strong><\/strong><\/h2>\n\n\n\n<p><strong><strong>Un m\u00e0xim de 6<\/strong><\/strong>,&nbsp;i es recomana que coincideixin amb descriptors internacionals que les recullen (per exemple,&nbsp;<em>Thesaurus\/MeSH<\/em>,&nbsp;<em>Inderscience<\/em>). No han de coincidir amb el t\u00edtol de l&#8217;article.<\/p>\n\n\n\n<h2 class=\"wp-block-heading\"><strong><strong>Apartats<\/strong><\/strong><\/h2>\n\n\n\n<ul>\n<li>Introducci\u00f3: pot incloure un m\u00e0xim de dos subapartats, i exposar l&#8217;objecte d&#8217;estudi; s\u2019ha de redactar en passat.<\/li>\n\n\n\n<li>Metodologia: s\u2019ha de redactar en passat; l\u2019apartat inclou:\n<ul>\n<li><em><em>Participants:&nbsp;<\/em><\/em>cal indicar,<strong> si \u00e9s procedent, el nom del Comit\u00e8 \u00c8tic que ha avalat l&#8217;estudi i el codi atorgat<\/strong>. <\/li>\n\n\n\n<li><em><em>Materials i instruments. Procediment.<\/em><\/em><\/li>\n<\/ul>\n<\/li>\n\n\n\n<li>An\u00e0lisi de dades: redactada en passat.<\/li>\n\n\n\n<li>Resultats: redactat en passat.<\/li>\n\n\n\n<li>Discussi\u00f3.<\/li>\n\n\n\n<li>Conclusi\u00f3: el text ha de sintetitzar les principals aportacions de l&#8217;estudi i pot incloure les limitacions i prospectives de futur.<\/li>\n\n\n\n<li>Agra\u00efments i reconeixements.<\/li>\n\n\n\n<li>Refer\u00e8ncies: <strong><strong>35 com a m\u00e0xim<\/strong>, <strong>segons les normes <\/strong>APA, 7a edici\u00f3, <strong>i incloent-hi el DOI de cada refer\u00e8ncia (amb https:\/\/).&nbsp;<\/strong><\/strong>En la secci\u00f3&nbsp;Scientific&nbsp;Notes un <strong>m\u00e0xim de 20 refer\u00e8ncies<\/strong>.<br>A fi d\u2019afavorir la lectura de l&#8217;article les refer\u00e8ncies en el text de m\u00e9s de dues autories s&#8217;han d&#8217;indicar des de la primera vegada que apareixen com a (<strong>primera autoria et al., any<\/strong>)<em>.&nbsp;<\/em>Les refer\u00e8ncies de nom\u00e9s dues autories es mantenen&nbsp;(<strong>autoria i autoria, any<\/strong>).<\/li>\n<\/ul>\n\n\n\n<h2 class=\"wp-block-heading\"><strong>\u00das de la intel\u00b7lig\u00e8ncia artificial<\/strong><\/h2>\n\n\n\n<p>En relaci\u00f3 amb l\u2019\u00fas de la intel\u00b7lig\u00e8ncia artificial (IA), l\u2019equip editorial de la revista estableix les normes seg\u00fcents, tant per als autors, com per als membres de l\u2019equip editorial i els revisors del comit\u00e8 cient\u00edfic:<\/p>\n\n\n\n<ul>\n<li>Les autories que hagin utilitzat eines d&#8217;IA en l\u2019elaboraci\u00f3 del treball cient\u00edfic ho han d\u2019indicar en l\u2019apartat \u2018Agra\u00efments i reconeixements\u2019 i detallar les tasques espec\u00edfiques per a qu\u00e8 s\u2019ha fet servir.&nbsp;<\/li>\n\n\n\n<li>No \u00e9s necessari indicar l\u2019\u00fas d\u2019eines d&#8217;IA per a la correcci\u00f3 de textos quan s\u2019utilitzin per millorar la llegibilitat i l\u2019estil dels manuscrits, aix\u00ed com per garantir l\u2019abs\u00e8ncia d\u2019errors gramaticals i ortogr\u00e0fics. L\u2019\u00fas d&#8217;IA pot incloure ajustaments en la redacci\u00f3, per\u00f2 no la creaci\u00f3 aut\u00f2noma de contingut. Les autories s\u00f3n les responsables de garantir que la versi\u00f3 final del text \u00e9s original.<\/li>\n\n\n\n<li>Les persones que revisen els articles no estan autoritzades a utilitzar la IA perqu\u00e8 podria comprometre els drets de propietat intel\u00b7lectual de les autories.&nbsp;<\/li>\n<\/ul>\n\n\n\n<h2 class=\"wp-block-heading\"><strong>Advertiments de m\u00e8tode<\/strong><\/h2>\n\n\n\n<p><strong>Els articles que aportin una validaci\u00f3 de test<\/strong> han de justificar la validesa amb m\u00e9s de dos tipus d&#8217;evid\u00e8ncies de les cinc establertes a \u201cThe Standards for Educational and Psychological Testing\u201d de l&#8217;APA el 2014, referides a contingut, proc\u00e9s de resposta, relaci\u00f3 amb altres variables, conseq\u00fc\u00e8ncies i estructura interna, a m\u00e9s d&#8217;establir de manera clara el model te\u00f2ric que justifiqui la utilitzaci\u00f3 d&#8217;An\u00e0lisi Factorial Confirmat\u00f2ria.<\/p>\n\n\n\n<p><strong>Els articles que aportin una revisi\u00f3 sistem\u00e0tica<\/strong> s\u2019han d\u2019adherir rigorosament a les normatives establertes pel que fa a l&#8217;extensi\u00f3, aix\u00ed com al nombre de figures, taules i refer\u00e8ncies requerides per a qualsevol article cient\u00edfic. La revista nom\u00e9s acceptar\u00e0 per a avaluaci\u00f3 aquells treballs que apliquin el protocol PRISMA i que, en funci\u00f3 de l&#8217;etiologia del tema abordat, es complementin ja sigui amb una metaan\u00e0lisi rigorosa o amb una an\u00e0lisi qualitativa de les dades. \u00c9s fonamental, atesa la indexaci\u00f3 de la nostra revista, que Web of Science (WoS) estigui entre les bases de dades consultades en el desenvolupament de l&#8217;estudi.<\/p>\n\n\n\n<p><a href=\"https:\/\/apastyle.apa.org\/style-grammar-guidelines\/references\/examples#journal\" class=\"ek-link\" target=\"_blank\" rel=\"noopener\"><strong>Normativa APA (Reference Examples)<\/strong><\/a><\/p>\n\n\n\n<h2 class=\"wp-block-heading\"><strong><strong>Pol\u00edtica de revisi\u00f3<\/strong><\/strong><\/h2>\n\n\n\n<p>El proc\u00e9s de gesti\u00f3 dels articles segueix els passos seg\u00fcents:<\/p>\n\n\n\n<figure class=\"wp-block-image size-large\"><img decoding=\"async\" src=\"https:\/\/revista-apunts.com\/wp-content\/uploads\/2022\/05\/INEFC_Normes-publicacio-CAT.jpg\" alt=\"\"\/><\/figure>\n\n\n\n<p>En el&nbsp;<strong>per\u00edode m\u00e0xim de 45 dies<\/strong>, a partir de la recepci\u00f3 de cada article, i despr\u00e9s d&#8217;aplicar la pol\u00edtica de detecci\u00f3 de plagi (<em>policy of screening for plagiarism<\/em>), es comunicar\u00e0 a les autories si el text avan\u00e7a cap a la primera avaluaci\u00f3 de revisi\u00f3 cient\u00edfica, o si es desestima.<\/p>\n\n\n\n<p>En el cas que el manuscrit presenti defici\u00e8ncies formals, metodol\u00f2giques o&nbsp;no suposi una aportaci\u00f3 rellevant o d&#8217;inter\u00e8s per als \u00e0mbits tem\u00e0tics de&nbsp;la&nbsp;publicaci\u00f3,&nbsp;es notificar\u00e0 a les autories <strong>la desestimaci\u00f3 del seu article, sense opci\u00f3 de tornada<\/strong>,&nbsp;i no s\u2019hi mantindr\u00e0 correspond\u00e8ncia posterior.<\/p>\n\n\n\n<p>Quan el manuscrit s\u2019accepti per seguir el proc\u00e9s de revisi\u00f3 per parells, es retornar\u00e0 a les autories perqu\u00e8 l&#8217;adaptin,&nbsp;<strong>en un termini de 30 dies<\/strong>, sempre respectant els criteris formals i \u00e8tics de la <strong><a href=\"https:\/\/revista-apunts.com\/wp-content\/uploads\/2025\/03\/INEFC_Lista-Control-2025_CAT.pdf\" target=\"_blank\" aria-label=\"llista de control (opens in a new tab)\" rel=\"noreferrer noopener\" class=\"ek-link\">llista de control<\/a><\/strong>. Es faran tantes revisions com requereixin els revisors. La data d&#8217;entrada de l&#8217;article ser\u00e0 la de l&#8217;acceptaci\u00f3 per a la seva publicaci\u00f3.<\/p>\n\n\n\n<p>En cas de discrep\u00e0ncia entre les dues persones revisores de l\u2019article avaluat, s\u2019assignar\u00e0 un tercer revisor o es demanar\u00e0 una nova valoraci\u00f3 a l\u2019Equip de Direcci\u00f3 Editorial.&nbsp;<\/p>\n\n\n\n<p>Un cop l&#8217;article s\u2019hagi acceptat definitivament, abans de la seva publicaci\u00f3 es remetran les proves en PDF a l&#8217;autor\/a de correspond\u00e8ncia, que les haur\u00e0 de revisar en un termini m\u00e0xim de&nbsp;<strong>5 dies<\/strong>.<\/p>\n\n\n\n<p><strong><strong>Drets i responsabilitats <strong>de l\u2019autor<\/strong><\/strong>ia<\/strong><\/p>\n\n\n\n<p>Els drets d&#8217;autoria dels articles publicats a&nbsp;<em>Apunts<\/em> <em>Educaci\u00f3 F\u00edsica i Esports<\/em>&nbsp;s\u00f3n propietat de la revista i no podran ser reprodu\u00efts parcialment o totalment sense el seu perm\u00eds.<\/p>\n\n\n\n<p>La Revista no es fa responsable de les idees i opinions expressades per les autories dels articles o de col\u00b7laboracions. La Revista no es fa responsable dels enlla\u00e7os i hipertext que, en alguns articles, possibilitin l&#8217;acc\u00e9s a prestacions i serveis oferts per tercers en altres llocs web.<\/p>\n\n\n\n<p>Els manuscrits han de ser originals i no poden trobar-se en proc\u00e9s d&#8217;examen de forma simult\u00e0nia per a la seva publicaci\u00f3 en altres revistes o \u00f2rgans&nbsp;editorials.<\/p>\n\n\n\n<p>La Revista no accepta material publicat anteriorment. Les autories s\u00f3n responsables d&#8217;obtenir els permisos oportuns per reproduir parcialment material (text, taules, figures o v\u00eddeos) d&#8217;altres publicacions, aix\u00ed com de citar-ne&nbsp;correctament la seva proced\u00e8ncia.<\/p>\n\n\n\n<p>S\u2019haur\u00e0 d\u2019emprar el llenguatge inclusiu en tots els textos enviats a la revista per a la seva publicaci\u00f3. Per als articles escrits en llengua catalana, les <a href=\"https:\/\/dones.gencat.cat\/web\/.content\/03_ambits\/docs\/cdoc_guiabib_llenguatge_Inclusiu.pdf\" class=\"ek-link\" target=\"_blank\" rel=\"noopener\">guies publicades al web de l\u2019Institut Catal\u00e0 de les Dones<\/a> us poden servir d\u2019orientaci\u00f3.<\/p>\n\n\n\n<p>No es publicaran textos amb continguts que promoguin cap tipus de discriminaci\u00f3 social, racial o \u00e8tnica, sexual o de g\u00e8nere, pol\u00edtica o religiosa.<\/p>\n\n\n\n<p>Cal especificar la mida total de la mostra, distingint el g\u00e8nere i especificant-ne entre par\u00e8ntesis la mitjana i la desviaci\u00f3 est\u00e0ndard d\u2019edat, pes, al\u00e7ada, etc.; aix\u00ed com informar sobre si les conclusions han tingut en compte possibles difer\u00e8ncies entre sexes.&nbsp;<\/p>\n\n\n\n<p>Per a recerques amb humans, les autories han d&#8217;esmentar a la secci\u00f3 de m\u00e8todes:<\/p>\n\n\n\n<p>a) L&#8217;exist\u00e8ncia de consentiment informat.<\/p>\n\n\n\n<p>b) El nom complet del Comit\u00e8 \u00c8tic que ha donat el vistiplau per a la recerca i, si n\u2019hi ha, el codi atorgat. Les autories poden adjuntar una c\u00f2pia de l\u2019autoritzaci\u00f3 esmentada.<\/p>\n\n\n\n<p>Els articles que hagin obtingut un ajut econ\u00f2mic o financer per publicar han de tenir el perm\u00eds de la instituci\u00f3 corresponent.<\/p>\n\n\n\n<p><em>Apunts Educaci\u00f3 F\u00edsica i Esports&nbsp;<\/em>declina qualsevol responsabilitat sobre possibles conflictes derivats de l&#8217;autoria dels treballs&nbsp;que s\u2019hi publiquin.&nbsp;<\/p>\n\n\n\n<p><\/p>\n","protected":false},"excerpt":{"rendered":"<p>L&#8217;Equip de Direcci\u00f3 Editorial pot desestimar aquells articles que no compleixin els requisits de la llista de control, que presentin defici\u00e8ncies formals o metodol\u00f2giques o que no suposin una aportaci\u00f3 rellevant o d&#8217;inter\u00e8s per als \u00e0mbits tem\u00e0tics de la&nbsp;revista. Es notificar\u00e0 a les autories la desestimaci\u00f3 del seu article, sense opci\u00f3 de tornada,&nbsp;i no s\u2019hi [&hellip;]<\/p>\n","protected":false},"author":2,"featured_media":0,"parent":0,"menu_order":0,"comment_status":"closed","ping_status":"closed","template":"template-pagesidebar.php","meta":{"_editorskit_title_hidden":false,"_editorskit_reading_time":7,"_editorskit_is_block_options_detached":false,"_editorskit_block_options_position":"{}","inline_featured_image":false,"advgb_blocks_editor_width":"","advgb_blocks_columns_visual_guide":"","footnotes":""},"coauthors":[],"author_meta":{"author_link":"https:\/\/revista-apunts.com\/ca\/author\/finderwilber\/","display_name":"finderwilber"},"relative_dates":{"created":"Posted 6 anys ago","modified":"Updated 2 setmanes ago"},"absolute_dates":{"created":"Posted on 19 juny 2020","modified":"Updated on 1 abril 2026"},"absolute_dates_time":{"created":"Posted on 19 juny 2020 10:09","modified":"Updated on 1 abril 2026 12:04"},"featured_img_caption":"","featured_img":false,"series_order":"","_links":{"self":[{"href":"https:\/\/revista-apunts.com\/ca\/wp-json\/wp\/v2\/pages\/541\/"}],"collection":[{"href":"https:\/\/revista-apunts.com\/ca\/wp-json\/wp\/v2\/pages\/"}],"about":[{"href":"https:\/\/revista-apunts.com\/ca\/wp-json\/wp\/v2\/types\/page\/"}],"author":[{"embeddable":true,"href":"https:\/\/revista-apunts.com\/ca\/wp-json\/wp\/v2\/users\/2\/"}],"replies":[{"embeddable":true,"href":"https:\/\/revista-apunts.com\/ca\/wp-json\/wp\/v2\/comments\/?post=541"}],"version-history":[{"count":74,"href":"https:\/\/revista-apunts.com\/ca\/wp-json\/wp\/v2\/pages\/541\/revisions\/"}],"predecessor-version":[{"id":71910,"href":"https:\/\/revista-apunts.com\/ca\/wp-json\/wp\/v2\/pages\/541\/revisions\/71910\/"}],"wp:attachment":[{"href":"https:\/\/revista-apunts.com\/ca\/wp-json\/wp\/v2\/media\/?parent=541"}],"curies":[{"name":"wp","href":"https:\/\/api.w.org\/{rel}","templated":true}]}}