{"id":538,"date":"2020-06-19T09:34:27","date_gmt":"2020-06-19T09:34:27","guid":{"rendered":"http:\/\/revista-apunts.com\/?page_id=538"},"modified":"2025-04-09T10:55:34","modified_gmt":"2025-04-09T10:55:34","slug":"indexacion","status":"publish","type":"page","link":"https:\/\/revista-apunts.com\/ca\/indexacion\/","title":{"rendered":"Indexaci\u00f3"},"content":{"rendered":"\n<div class=\"wp-block-group is-layout-constrained wp-block-group-is-layout-constrained\"><div class=\"wp-block-group__inner-container\">\n<div class=\"wp-block-columns is-layout-flex wp-container-11 wp-block-columns-is-layout-flex\">\n<div class=\"wp-block-column is-layout-flow wp-block-column-is-layout-flow\">\n<h2 class=\"wp-block-heading\"><strong>Web of Science &#8211; 2024<\/strong><\/h2>\n\n\n\n<div class=\"wp-block-columns is-layout-flex wp-container-2 wp-block-columns-is-layout-flex\">\n<div class=\"wp-block-column is-layout-flow wp-block-column-is-layout-flow\">\n<figure class=\"wp-block-image size-full\"><img decoding=\"async\" loading=\"lazy\" width=\"541\" height=\"406\" src=\"https:\/\/revista-apunts.com\/wp-content\/uploads\/2025\/04\/Grafica-JIF-JCR.jpg\" alt=\"\" class=\"wp-image-67842\" srcset=\"https:\/\/revista-apunts.com\/wp-content\/uploads\/2025\/04\/Grafica-JIF-JCR.jpg 541w, https:\/\/revista-apunts.com\/wp-content\/uploads\/2025\/04\/Grafica-JIF-JCR-300x225.jpg 300w\" sizes=\"(max-width: 541px) 100vw, 541px\" \/><\/figure>\n<\/div>\n<\/div>\n\n\n\n<div class=\"wp-block-columns is-layout-flex wp-container-4 wp-block-columns-is-layout-flex\">\n<div class=\"wp-block-column is-layout-flow wp-block-column-is-layout-flow\">\n<figure class=\"wp-block-image size-full\"><img decoding=\"async\" loading=\"lazy\" width=\"541\" height=\"167\" src=\"https:\/\/revista-apunts.com\/wp-content\/uploads\/2025\/04\/Grafica-Wos-3.png\" alt=\"\" class=\"wp-image-67743\" srcset=\"https:\/\/revista-apunts.com\/wp-content\/uploads\/2025\/04\/Grafica-Wos-3.png 541w, https:\/\/revista-apunts.com\/wp-content\/uploads\/2025\/04\/Grafica-Wos-3-300x93.png 300w\" sizes=\"(max-width: 541px) 100vw, 541px\" \/><\/figure>\n<\/div>\n<\/div>\n<\/div>\n\n\n\n<div class=\"wp-block-column is-layout-flow wp-block-column-is-layout-flow\">\n<div class=\"wp-block-columns is-layout-flex wp-container-7 wp-block-columns-is-layout-flex\">\n<div class=\"wp-block-column is-layout-flow wp-block-column-is-layout-flow\">\n<h2 class=\"wp-block-heading\"><strong>Scopus<\/strong><\/h2>\n<\/div>\n<\/div>\n\n\n\n<div class=\"wp-block-columns is-layout-flex wp-container-9 wp-block-columns-is-layout-flex\">\n<div class=\"wp-block-column is-layout-flow wp-block-column-is-layout-flow\">\n<figure class=\"wp-block-image size-full\"><img decoding=\"async\" loading=\"lazy\" width=\"541\" height=\"588\" src=\"https:\/\/revista-apunts.com\/wp-content\/uploads\/2025\/04\/Grafica-CiteScore.jpg\" alt=\"\" class=\"wp-image-67839\" srcset=\"https:\/\/revista-apunts.com\/wp-content\/uploads\/2025\/04\/Grafica-CiteScore.jpg 541w, https:\/\/revista-apunts.com\/wp-content\/uploads\/2025\/04\/Grafica-CiteScore-276x300.jpg 276w\" sizes=\"(max-width: 541px) 100vw, 541px\" \/><\/figure>\n<\/div>\n<\/div>\n<\/div>\n<\/div>\n<\/div><\/div>\n\n\n\n<div style=\"height:10px\" aria-hidden=\"true\" class=\"wp-block-spacer\"><\/div>\n\n\n\n<p><strong><strong><em>Apunts. Educaci\u00f3 F\u00edsica i Esports. <\/em><\/strong><\/strong>Revista cient\u00edfica d\u2019educaci\u00f3 f\u00edsica i esports&nbsp;est\u00e0 indexada als portals de revista, repositoris i a les bases de dades bibliogr\u00e0fiques seg\u00fcents:<\/p>\n\n\n\n<div class=\"wp-block-columns is-layout-flex wp-container-15 wp-block-columns-is-layout-flex\">\n<div class=\"wp-block-column is-layout-flow wp-block-column-is-layout-flow\">\n<p><a href=\"https:\/\/jcr.clarivate.com\/jcr-jp\/journal-profile?journal=APUNT%20EDUC%20FIS%20DEPOR&amp;year=2020&amp;fromPage=%2Fjcr%2Fhome\" class=\"ek-link\" target=\"_blank\" rel=\"noopener\">Web of Science (WoS)<\/a><\/p>\n\n\n\n<p><a href=\"https:\/\/www.scopus.com\/sourceid\/21100316465\" target=\"_blank\" rel=\"noopener\">SCOPUS<\/a><\/p>\n\n\n\n<p><a href=\"https:\/\/www.redalyc.org\/home.oa\" target=\"_blank\" rel=\"noopener\">REDALYC<\/a><\/p>\n\n\n\n<p><a href=\"https:\/\/evaluacionarce.fecyt.es\/Publico\/Resolucion\/__Recursos\/2023ListadoDefinitivo_Renovacion.pdf\" class=\"ek-link\" target=\"_blank\" rel=\"noopener\">FECYT<\/a><\/p>\n\n\n\n<p><a href=\"http:\/\/www.scimagojr.com\/journalsearch.php?q=21100316465&amp;tip=sid&amp;clean=0\" target=\"_blank\" rel=\"noopener\">SCImago Journal Rank (SJR)<\/a><\/p>\n\n\n\n<h2 class=\"wp-block-heading\"><strong>BASES DE DADES<\/strong><\/h2>\n\n\n\n<p><a href=\"https:\/\/www.proquest.com\/products-services\/abi_inform_complete.html\" target=\"_blank\" rel=\"noopener\">ABI\/INFORM Complete<\/a><\/p>\n\n\n\n<p><a href=\"https:\/\/www.proquest.com\/products-services\/abi_inform_trade.html\" target=\"_blank\" rel=\"noopener\">ABI\/INFORM Trade &amp; Industry<\/a><\/p>\n\n\n\n<p><a href=\"https:\/\/www.proquest.com\/libraries\/academic\/\" target=\"_blank\" rel=\"noopener\">Academic Research Library<\/a><\/p>\n\n\n\n<p><a href=\"https:\/\/www.ebsco.com\/products\/research-databases\/academic-search-complete\" target=\"_blank\" rel=\"noopener\">Academic Search Complete<\/a><\/p>\n\n\n\n<p><a href=\"http:\/\/ccuc.cbuc.cat\/search~S24*cat?\/tapunts\/tapunts\/1%2C45%2C76%2CB\/frameset&amp;FF=tapunts+educacio+fisica+en+linia&amp;1%2C1%2C\/indexsort=-\" target=\"_blank\" rel=\"noopener\">CBUC<\/a><\/p>\n\n\n\n<p><a href=\"http:\/\/scholar.cnki.net\/webpress\/brief.aspx?dbcode=SJNL\" target=\"_blank\" rel=\"noopener\">CNKI Scholar<\/a><\/p>\n\n\n\n<p><a href=\"http:\/\/europa.sim.ucm.es\/compludoc\/GetSumario?r=\/S\/S\/15774015.htm&amp;zfr=\" target=\"_blank\" rel=\"noopener\">Compludoc (UCM)<\/a><\/p>\n\n\n\n<p><a href=\"http:\/\/epuc.cchs.csic.es\/dice\/resultados.php?tit=apunts&amp;at=&amp;ac=&amp;criterios_latindex=n&amp;issn=&amp;bbdd=&amp;submit=+Buscar+\" target=\"_blank\" rel=\"noopener\">DICE<\/a><\/p>\n\n\n\n<p><a href=\"https:\/\/www.ebsco.com\/\" target=\"_blank\" rel=\"noopener\">EBSCO<\/a><\/p>\n\n\n\n<p><a href=\"https:\/\/www.ebscohost.com\/discovery\" target=\"_blank\" rel=\"noopener\">EBSCO Discovery Service<\/a><\/p>\n\n\n\n<p><a href=\"http:\/\/www.sportdocs.insep.fr\/flora_insep\/jsp\/index_view_direct_anonymous.jsp?record=default:UNIMARC:12403\" target=\"_blank\" rel=\"noopener\">Heracles<\/a><\/p>\n\n\n\n<p><a href=\"http:\/\/www.iisue.unam.mx\/iresie\/\" target=\"_blank\" rel=\"noopener\">IRESIE<\/a><\/p>\n\n\n\n<p><a href=\"http:\/\/www.issn.org\/2-22639-The-ISSN-Register.php\" target=\"_blank\" rel=\"noopener\">ISSN Register Online<\/a><\/p>\n\n\n\n<p><a href=\"http:\/\/www.csic.es\" target=\"_blank\" rel=\"noopener\">ISOC\u00a0<\/a>(CSIC \u2013 Consejo Superior de Investigaciones Cient\u00edficas)<\/p>\n\n\n\n<p><a href=\"https:\/\/openalex.org\/works?page=1&amp;filter=title_and_abstract.search%3Aapunts,open_access.is_oa%3Atrue\" class=\"ek-link\" target=\"_blank\" rel=\"noopener\">OpenAlex\u00a0<\/a><\/p>\n\n\n\n<p><a href=\"http:\/\/pio.chadwyck.co.uk\/marketing\/journalLists.jsp?collection=all\" target=\"_blank\" rel=\"noopener\">Periodical Index Online<\/a><\/p>\n\n\n\n<p><a href=\"https:\/\/www.proquest.com\" target=\"_blank\" rel=\"noopener\">ProQuest Central<\/a><\/p>\n\n\n\n<p><a href=\"http:\/\/qualis.capes.gov.br\/webqualis\/ConsultaPeriodicos.faces\" target=\"_blank\" rel=\"noopener\">Qualis (CAPES, Brasil)<\/a><\/p>\n\n\n\n<p><a href=\"http:\/\/www.proquest.com\/en-US\/catalogs\/databases\/detail\/pq_research_library.shtml\" target=\"_blank\" rel=\"noopener\">Research Library<\/a><\/p>\n\n\n\n<p><a href=\"http:\/\/epuc.cchs.csic.es\/resh\/\" target=\"_blank\" rel=\"noopener\">RESH<\/a><\/p>\n\n\n\n<p><a href=\"http:\/\/zdb-opac.de\/LNG=EN\/\" target=\"_blank\" rel=\"noopener\">Sport Discus<\/a><\/p>\n<\/div>\n\n\n\n<div class=\"wp-block-column is-layout-flow wp-block-column-is-layout-flow\">\n<h2 class=\"wp-block-heading\"><strong>SISTEMES D\u2019AVALUACI\u00d3<\/strong><\/h2>\n\n\n\n<p><a href=\"https:\/\/clasificacioncirc.es\/ficha_revista?id=42464\" target=\"_blank\" rel=\"noopener\">CIRC<\/a><\/p>\n\n\n\n<p><a href=\"https:\/\/doaj.org\/toc\/0ca48865eacb48f3bc5b9b51411b0c73\" target=\"_blank\" rel=\"noopener\">DOAJ<\/a><\/p>\n\n\n\n<p><a href=\"https:\/\/dbh.nsd.uib.no\/publiseringskanaler\/erihplus\/periodical\/info?id=480207\" target=\"_blank\" rel=\"noopener\">ERIH PLUS<\/a><\/p>\n\n\n\n<p><a href=\"http:\/\/scholar.google.es\/citations?hl=es&amp;user=ReqqQAMAAAAJ\" target=\"_blank\" rel=\"noopener\">Google Metrics<\/a><\/p>\n\n\n\n<p><a href=\"https:\/\/scholar.google.es\/citations?hl=ca&amp;view_op=search_venues&amp;vq=Apunts.+Educaci%C3%B3+F%C3%ADsica+i+Esports\" target=\"_blank\" rel=\"noopener\">Google Scholar<\/a><\/p>\n\n\n\n<p><a href=\"http:\/\/www.latindex.unam.mx\/latindex\/ficha?folio=11298\" target=\"_blank\" rel=\"noopener\">Latindex<\/a><\/p>\n\n\n\n<p><a href=\"http:\/\/miar.ub.edu\/issn\/0214-8757\" target=\"_blank\" rel=\"noopener\">MIAR<\/a><\/p>\n\n\n\n<h2 class=\"wp-block-heading\"><strong>DIRECTORIS, REPOSITORIS I CAT\u00c0LEGS<\/strong><\/h2>\n\n\n\n<p><a href=\"http:\/\/dispatch.opac.d-nb.de\/DB=1.1\/FKT=8509\/FRM=apunts\/IMPLAND=Y\/LNG=DU\/LRSET=1\/SET=1\/SID=54e05bb6-223\/SRT=LST_ty\/TTL=1\/SHW?FRST=1&amp;PRS=HOL\" target=\"_blank\" rel=\"noopener\"><em>German ZDB Collective Catalogue (Zeitschriftendatenbank)<\/em><\/a><\/p>\n\n\n\n<p><a href=\"http:\/\/dialnet.unirioja.es\/servlet\/revista?codigo=136\" target=\"_blank\" rel=\"noopener\">Dialnet<\/a><\/p>\n\n\n\n<p><a href=\"http:\/\/rcs.gtbib.net\/consulta.php?directorio=rcs&amp;campo=ID&amp;texto=15774015\" target=\"_blank\" rel=\"noopener\">GTBib \/ RCS<\/a><\/p>\n\n\n\n<p><a href=\"https:\/\/buscador.recolecta.fecyt.es\/\" target=\"_blank\" rel=\"noopener\">Recolecta (FECYT, Espa\u00f1a)<\/a><\/p>\n\n\n\n<p><a href=\"http:\/\/www.sudoc.abes.fr\/DB=2.1\/SET=1\/TTL=1\/SHW?FRST=2\" target=\"_blank\" rel=\"noopener\">SUDOC Collective Catalogue (Francia)<\/a><\/p>\n\n\n\n<p><a href=\"http:\/\/raco.cat\/index.php\/ApuntsEFD\" target=\"_blank\" rel=\"noopener\">RACO<\/a><\/p>\n\n\n\n<p><a href=\"http:\/\/ulrichsweb.serialssolutions.com\/login\" target=\"_blank\" rel=\"noopener\">Ulrich\u2019s Periodicals Directory (Proquest)<\/a><\/p>\n\n\n\n<p><a href=\"http:\/\/www.worldcat.org\/title\/apunts-educacion-fisica-y-deportes\/oclc\/436615923&amp;referer=brief_results\" target=\"_blank\" rel=\"noopener\">Worldcat\/OCLC<\/a><\/p>\n\n\n\n<h2 class=\"wp-block-heading\"><strong>DIRECTORIS DE POL\u00cdTIQUES DE COPYRIGHT<\/strong><\/h2>\n\n\n\n<p><a rel=\"noreferrer noopener\" href=\"https:\/\/www.accesoabierto.net\/dulcinea\/ficha1964\" target=\"_blank\">Dulcinea<\/a><\/p>\n<\/div>\n<\/div>\n","protected":false},"excerpt":{"rendered":"<p>Apunts. Educaci\u00f3 F\u00edsica i Esports. Revista cient\u00edfica d\u2019educaci\u00f3 f\u00edsica i esports&nbsp;est\u00e0 indexada als portals de revista, repositoris i a les bases de dades bibliogr\u00e0fiques seg\u00fcents: Web of Science (WoS) SCOPUS REDALYC FECYT SCImago Journal Rank (SJR) BASES DE DADES ABI\/INFORM Complete ABI\/INFORM Trade &amp; Industry Academic Research Library Academic Search Complete CBUC CNKI Scholar Compludoc [&hellip;]<\/p>\n","protected":false},"author":2,"featured_media":0,"parent":0,"menu_order":0,"comment_status":"closed","ping_status":"closed","template":"","meta":{"_editorskit_title_hidden":false,"_editorskit_reading_time":1,"_editorskit_is_block_options_detached":false,"_editorskit_block_options_position":"{}","inline_featured_image":false,"advgb_blocks_editor_width":"","advgb_blocks_columns_visual_guide":"","footnotes":""},"coauthors":[],"author_meta":{"author_link":"https:\/\/revista-apunts.com\/ca\/author\/finderwilber\/","display_name":"finderwilber"},"relative_dates":{"created":"Posted 6 anys ago","modified":"Updated 1 any ago"},"absolute_dates":{"created":"Posted on 19 juny 2020","modified":"Updated on 9 abril 2025"},"absolute_dates_time":{"created":"Posted on 19 juny 2020 09:34","modified":"Updated on 9 abril 2025 10:55"},"featured_img_caption":"","featured_img":false,"series_order":"","_links":{"self":[{"href":"https:\/\/revista-apunts.com\/ca\/wp-json\/wp\/v2\/pages\/538\/"}],"collection":[{"href":"https:\/\/revista-apunts.com\/ca\/wp-json\/wp\/v2\/pages\/"}],"about":[{"href":"https:\/\/revista-apunts.com\/ca\/wp-json\/wp\/v2\/types\/page\/"}],"author":[{"embeddable":true,"href":"https:\/\/revista-apunts.com\/ca\/wp-json\/wp\/v2\/users\/2\/"}],"replies":[{"embeddable":true,"href":"https:\/\/revista-apunts.com\/ca\/wp-json\/wp\/v2\/comments\/?post=538"}],"version-history":[{"count":9,"href":"https:\/\/revista-apunts.com\/ca\/wp-json\/wp\/v2\/pages\/538\/revisions\/"}],"predecessor-version":[{"id":67823,"href":"https:\/\/revista-apunts.com\/ca\/wp-json\/wp\/v2\/pages\/538\/revisions\/67823\/"}],"wp:attachment":[{"href":"https:\/\/revista-apunts.com\/ca\/wp-json\/wp\/v2\/media\/?parent=538"}],"curies":[{"name":"wp","href":"https:\/\/api.w.org\/{rel}","templated":true}]}}