{"id":528,"date":"2020-06-19T08:52:08","date_gmt":"2020-06-19T08:52:08","guid":{"rendered":"http:\/\/revista-apunts.com\/?page_id=528"},"modified":"2025-12-07T08:31:57","modified_gmt":"2025-12-07T08:31:57","slug":"tematica","status":"publish","type":"page","link":"https:\/\/revista-apunts.com\/ca\/tematica\/","title":{"rendered":"Revista"},"content":{"rendered":"\n<p><em>Apunts Educaci\u00f3 F\u00edsica i Esports<\/em> \u00e9s una revista cient\u00edfica editada per l\u2019Institut Nacional d&#8217;Educaci\u00f3 F\u00edsica de Catalunya (INEFC), a Espanya, que publica articles cient\u00edfics de manera ininterrompuda des de 1985.<\/p>\n\n\n\n<p>\u00c9s una revista triling\u00fce (castell\u00e0, catal\u00e0 i angl\u00e8s) especialitzada en l&#8217;\u00e0mbit de les ci\u00e8ncies de l&#8217;activitat f\u00edsica i l&#8217;esport. Publica articles originals de car\u00e0cter cient\u00edfic relacionats amb la motricitat humana, l&#8217;educaci\u00f3 f\u00edsica i les ci\u00e8ncies de l&#8217;esport.<\/p>\n\n\n\n<p>La revista est\u00e0 indexada en m\u00e9s de 40 bases de dades i repositoris, entre els quals destaquen:<\/p>\n\n\n\n<ul>\n<li><a aria-label=\"Web of Science (WoS) (opens in a new tab)\" href=\"https:\/\/clarivate.com\/academia-government\/scientific-and-academic-research\/research-discovery-and-referencing\/web-of-science\/\" target=\"_blank\" rel=\"noreferrer noopener\" class=\"ek-link\">Web of Science (WoS)<\/a> amb un factor d&#8217;impacte Journal Citation Reports (JCR) d&#8217;1.5 i classificaci\u00f3 Q2&nbsp;<\/li>\n\n\n\n<li><a aria-label=\"Scopus (opens in a new tab)\" href=\"https:\/\/www.scopus.com\/\" target=\"_blank\" rel=\"noreferrer noopener\" class=\"ek-link\">Scopus<\/a> amb un Cite Score (CS) de 2.7 i classificaci\u00f3 Q1.<\/li>\n<\/ul>\n\n\n\n<p>A m\u00e9s, des de 2014, la revista ostenta el&nbsp;<a href=\"https:\/\/calidadrevistas.fecyt.es\/revistas-sello-fecyt\/apunts-educacion-fisica-y-deportes\" target=\"_blank\" aria-label=\" (opens in a new tab)\" rel=\"noreferrer noopener\" class=\"ek-link\">segell de qualitat FECYT<\/a>&nbsp;a les revistes cient\u00edfiques espanyoles i des de 2024 la Menci\u00f3 de bones pr\u00e0ctiques editorials en igualtat de g\u00e8nere.&nbsp;<\/p>\n\n\n\n<p>Des de 2020, la revista es publica exclusivament en format digital, amb acc\u00e9s obert i una periodicitat trimestral. Tots els articles s\u00f3n sotmesos a revisi\u00f3 externa mitjan\u00e7ant el m\u00e8tode de doble cec, duta a terme per un comit\u00e8 cient\u00edfic format per m\u00e9s de 190 revisors i revisores nacionals i internacionals.<\/p>\n\n\n\n<h2 class=\"wp-block-heading\"><strong>Acc\u00e9s obert i multiformat&nbsp;<\/strong><\/h2>\n\n\n\n<p><em>Apunts Educaci\u00f3 F\u00edsica i Esports<\/em> \u00e9s una revista d&#8217;acc\u00e9s obert que facilita l&#8217;intercanvi de coneixement, sense c\u00e0rrecs per a les autories per presentar, traduir, ni processar els articles. La seva versi\u00f3 d&#8217;editor s&#8217;allotja en repositoris d&#8217;acc\u00e9s gratu\u00eft i sense restriccions ni per\u00edodes d&#8217;embargament, i es publica sota la llic\u00e8ncia&nbsp;<a href=\"https:\/\/creativecommons.org\/licenses\/by-nc-sa\/4.0\/deed.ca\" target=\"_blank\" aria-label=\"Creative Commons 4.0 Internacional (opens in a new tab)\" rel=\"noreferrer noopener\" class=\"ek-link\">Creative Commons 4.0 Internacional<\/a>.<\/p>\n\n\n\n<p>Els articles estan disponibles en HTML i es poden descarregar en PDF en castell\u00e0, catal\u00e0 i angl\u00e8s. <em>Apunts Educaci\u00f3 F\u00edsica i Esports<\/em> est\u00e0 inclosa en el directori en l\u00ednia <a href=\"https:\/\/doaj.org\/toc\/2014-0983\" target=\"_blank\" aria-label=\"DOAJ (opens in a new tab)\" rel=\"noreferrer noopener\" class=\"ek-link\">DOAJ<\/a>.<\/p>\n\n\n\n<p>ISSN 2014-0983 |&nbsp;<a aria-label=\"www.revista-apunts.com (opens in a new tab)\" href=\"https:\/\/revista-apunts.com\/ca\/\" target=\"_blank\" rel=\"noreferrer noopener\" class=\"ek-link\">www.revista-apunts.com<\/a><\/p>\n\n\n\n<h2 class=\"wp-block-heading\"><strong>Missi\u00f3<\/strong><\/h2>\n\n\n\n<p>La missi\u00f3&nbsp;<em>d&#8217;Apunts Educaci\u00f3 F\u00edsica i Esports<\/em>&nbsp;\u00e9s servir com a plataforma de refer\u00e8ncia per a la comunicaci\u00f3 cient\u00edfica en llengua espanyola i internacional en l&#8217;\u00e0mbit de les ci\u00e8ncies de l&#8217;activitat f\u00edsica i l&#8217;esport. La revista promou la transfer\u00e8ncia de coneixement entre la investigaci\u00f3, la doc\u00e8ncia i la pr\u00e0ctica professional, contribuint aix\u00ed al desenvolupament sostenible i \u00e8tic de l&#8217;educaci\u00f3 f\u00edsica i l&#8217;esport en la societat.<\/p>\n\n\n\n<h2 class=\"wp-block-heading\"><strong>Objectius<\/strong><\/h2>\n\n\n\n<p><em>Apunts Educaci\u00f3 F\u00edsica i Esports<\/em>&nbsp;t\u00e9 com a objectiu difondre el coneixement cient\u00edfic i professional relacionat amb l&#8217;activitat f\u00edsica, l&#8217;esport, l&#8217;educaci\u00f3 f\u00edsica i les ci\u00e8ncies del moviment hum\u00e0. La revista busca promoure la reflexi\u00f3 cr\u00edtica, la innovaci\u00f3 i l&#8217;aplicaci\u00f3 del coneixement en contextos educatius, de lleure i de rendiment esportiu.<\/p>\n\n\n\n<h2 class=\"wp-block-heading\"><strong>Abast<\/strong><\/h2>\n\n\n\n<p><em>Apunts Educaci\u00f3 F\u00edsica i Esports<\/em>&nbsp;publica investigacions originals, revisions, estudis aplicats i assajos te\u00f2rics que abordin temes vinculats amb l&#8217;educaci\u00f3 f\u00edsica, l&#8217;entrenament esportiu, la salut, la psicologia de l&#8217;esport, la gesti\u00f3 esportiva, l&#8217;activitat f\u00edsica adaptada i les ci\u00e8ncies socials de l&#8217;esport.<\/p>\n\n\n\n<p>La revista s\u2019adre\u00e7a a investigadors, docents, professionals de l&#8217;activitat f\u00edsica i l&#8217;esport, aix\u00ed com a estudiants interessats en el desenvolupament cient\u00edfic, pedag\u00f2gic i social d&#8217;aquest camp.<\/p>\n\n\n\n<h2 class=\"wp-block-heading\"><strong>P\u00fablic Destinatari<\/strong><\/h2>\n\n\n\n<p>La publicaci\u00f3 s\u2019adre\u00e7a a totes les persones interessades en la recerca en ci\u00e8ncies de l&#8217;activitat f\u00edsica i l\u2019esport, tant en l&#8217;\u00e0mbit acad\u00e8mic com professional, independentment del seu g\u00e8nere o rol en la comunitat cient\u00edfica.<\/p>\n\n\n\n<h2 class=\"wp-block-heading\"><strong>Cobertura tem\u00e0tica<\/strong><\/h2>\n\n\n\n<p><em>Apunts Educaci\u00f3 F\u00edsica i Esports<\/em> publica articles en les seccions seg\u00fcents:<\/p>\n\n\n\n<ul>\n<li>Ci\u00e8ncies humanes i socials<\/li>\n\n\n\n<li>Activitat f\u00edsica i salut<\/li>\n\n\n\n<li>Educaci\u00f3 f\u00edsica<\/li>\n\n\n\n<li>Pedagogia esportiva<\/li>\n\n\n\n<li>Preparaci\u00f3 f\u00edsica<\/li>\n\n\n\n<li>Entrenament esportiu<\/li>\n\n\n\n<li>Gesti\u00f3 esportiva, oci actiu i turisme<\/li>\n\n\n\n<li><em>Scientific Notes<\/em>: Articles breus sobre novetats tecnol\u00f2giques, metodol\u00f2giques i de prospecci\u00f3 cient\u00edfica, publicats exclusivament en angl\u00e8s.<\/li>\n<\/ul>\n\n\n\n<p>A m\u00e9s, la revista accepta, a criteri de l&#8217;equip editorial, articles d&#8217;opini\u00f3 i cartes cient\u00edfiques. No s&#8217;accepten monogr\u00e0fics ni n\u00fameros especials.<\/p>\n\n\n\n<h2 class=\"wp-block-heading\"><strong>Estrat\u00e8gia Cient\u00edfica<\/strong><\/h2>\n\n\n\n<p>Amb l&#8217;objectiu de garantir el rigor cient\u00edfic en els treballs publicats, <em>Apunts Educaci\u00f3 F\u00edsica i Esports<\/em> estableix els seg\u00fcents criteris:<\/p>\n\n\n\n<ul>\n<li><strong>Rigor cient\u00edfic: <\/strong>pol\u00edtica estricta d\u2019admissi\u00f3 d\u2019articles, amb un sistema d\u2019avaluaci\u00f3 per parells en modalitat de doble cec, que garanteix l\u2019anonimat tant de les autories com de les persones revisores al llarg de tot el proc\u00e9s de revisi\u00f3.<\/li>\n\n\n\n<li><strong>Normatives de publicaci\u00f3: <\/strong>les normes de presentaci\u00f3 s&#8217;ajusten als est\u00e0ndards de l\u2019American Psychological Association (APA, 7a edici\u00f3), la qual regula la citaci\u00f3, el format i les refer\u00e8ncies dels treballs.<\/li>\n\n\n\n<li><strong>Periodicitat: <\/strong>publicaci\u00f3 trimestral.<\/li>\n<\/ul>\n\n\n\n<h2 class=\"wp-block-heading\"><strong>Consideracions \u00e8tiques<\/strong><\/h2>\n\n\n\n<p>A <em>Apunts Educaci\u00f3 F\u00edsica i Esports<\/em> ens comprometem a seguir els est\u00e0ndards \u00e8tics en totes les fases de la nostra activitat editorial, des de la recepci\u00f3 de manuscrits fins a la seva publicaci\u00f3 i divulgaci\u00f3. La integritat cient\u00edfica, la transpar\u00e8ncia en el proc\u00e9s de revisi\u00f3 i la confidencialitat s\u00f3n principis fonamentals que guien la nostra tasca.<\/p>\n\n\n\n<p>Instem totes les autories i les revisores i revisors a adherir-se a les normes \u00e8tiques m\u00e9s estrictes quant a l\u2019autenticitat de les dades, la transpar\u00e8ncia en els m\u00e8todes de recerca, el respecte pels drets d&#8217;autor i la propietat intel\u00b7lectual. Promovem activament la igualtat de g\u00e8nere en tots els aspectes de la recerca i la publicaci\u00f3, garantint una representaci\u00f3 equitativa i evitant qualsevol forma de discriminaci\u00f3 o biaix. Aix\u00ed mateix, posem \u00e8mfasi en la prevenci\u00f3 del plagi i en el respecte per l&#8217;originalitat intel\u00b7lectual, exigint que totes les recerques presentades siguin el resultat d&#8217;un treball genu\u00ed i degudament citat. En relaci\u00f3 amb l\u2019\u00fas de la IA, consulteu l\u2019apartat sobre l\u2019\u00fas de la <a href=\"https:\/\/revista-apunts.com\/ca\/normes-de-publicacio\/#inteligenciaartificial\" target=\"_blank\" aria-label=\" (opens in a new tab)\" rel=\"noreferrer noopener\" class=\"ek-link\">intel\u00b7lig\u00e8ncia artificial a les normes de publicaci\u00f3<\/a>.<\/p>\n\n\n\n<p>A m\u00e9s, fomentem la no discriminaci\u00f3, el respecte mutu i la col\u00b7laboraci\u00f3 oberta i honesta dins de la comunitat cient\u00edfica.<\/p>\n\n\n\n<h2 class=\"wp-block-heading\"><strong>Declaraci\u00f3 d\u2019accessibilitat<\/strong><\/h2>\n\n\n\n<p>El web de la revista <em>Apunts Educaci\u00f3 F\u00edsica i Esports<\/em> t\u00e9 com a objectiu facilitar l&#8217;acc\u00e9s universal a totes les persones, independentment de les seves capacitats f\u00edsiques, sensorials o intel\u00b7lectuals, aix\u00ed com de les condicions t\u00e8cniques (tipus de dispositiu, programari, velocitat de connexi\u00f3, etc.). La Revista Apunts s&#8217;ha comprom\u00e8s a fer accessible el seu lloc web d&#8217;acord amb el Reial Decret 1112\/2018, de 7 de setembre, sobre accessibilitat dels llocs web i aplicacions per a dispositius m\u00f2bils del sector p\u00fablic, i \u00e9s plenament conforme amb aquesta normativa i la norma t\u00e8cnica UNE-EN301549 (gener 2022).<\/p>\n\n\n\n<h2 class=\"wp-block-heading\"><strong>Pol\u00edtica sobre autoria i contribucions<\/strong><\/h2>\n\n\n\n<p>A&nbsp;<em>Apunts Educaci\u00f3 F\u00edsica i Esports<\/em>, l&#8217;autoria es reconeix \u00fanicament a aquelles persones que hagin fet contribucions intel\u00b7lectuals substancials i verificables en el treballpresentat. Per a ser considerat\/a autor\/a, \u00e9s necessari complir els seg\u00fcents criteris, basats en les recomanacions de&nbsp;<em>l&#8217;International Committee of Medical Journal Editors&nbsp;<\/em>(ICMJE):<\/p>\n\n\n\n<ol>\n<li>Participar en la concepci\u00f3 i disseny de l&#8217;estudi, o en la recollida, an\u00e0lisi i interpretaci\u00f3 de les dades.<\/li>\n\n\n\n<li>Participar en la redacci\u00f3 del manuscrit o en la revisi\u00f3 cr\u00edtica del seu contingut intel\u00b7lectual.<\/li>\n\n\n\n<li>Aprovar la versi\u00f3 final del manuscrit abans del seu enviament<\/li>\n\n\n\n<li>Acceptar la responsabilitat per tots els aspectes del treballassegurant que qualsevol q\u00fcesti\u00f3 relacionada amb la seva precisi\u00f3 o integritat sigui investigada i resolta adequadament.<\/li>\n<\/ol>\n\n\n\n<p>La simple contribuci\u00f3 t\u00e8cnica, la supervisi\u00f3 general del grup d&#8217;investigaci\u00f3 o l&#8217;obtenci\u00f3 de fons no en justifiquen l&#8217;autoria.<\/p>\n\n\n\n<p>Les contribucions que no compleixin amb els criteris anteriors han de ser reconegudes en l&#8217;apartat d&#8217;Agra\u00efments.<\/p>\n\n\n\n<p>Les autories han de declarar clarament les contribucions espec\u00edfiques de cada una al manuscrit, promovent la transpar\u00e8ncia i la responsabilitat a la publicaci\u00f3 cient\u00edfica.A m\u00e9s, \u00e9s obligatori que tots els autors i autores declarin qualsevol conflicte d&#8217;inter\u00e8s i el finan\u00e7ament relacionat amb el treball.<\/p>\n\n\n\n<h2 class=\"wp-block-heading\"><strong>Pol\u00edtica sobre finan\u00e7ament i agra\u00efments<\/strong><\/h2>\n\n\n\n<p>La revista&nbsp;<em>Apunts Educaci\u00f3 F\u00edsica i Esports<\/em>&nbsp;es finan\u00e7a exclusivament a trav\u00e9s de la Generalitat de Catalunya, sense rebre aportacions externes ni finan\u00e7ament comercial per a la publicaci\u00f3 dels seus continguts.<\/p>\n\n\n\n<p>Els autors han de declarar qualsevol font de finan\u00e7ament rebut per a la realitzaci\u00f3 de l&#8217;estudi o treballpresentat.<\/p>\n\n\n\n<p>En l&#8217;apartat d&#8217;Agra\u00efments, es recomana esmentar expressament les persones, institucions o entitats que hagin contribu\u00eft de manera rellevant al desenvolupament del treball&nbsp;per\u00f2 que no compleixen els criteris d&#8217;autoria. Tamb\u00e9 es poden incloure reconeixements per suports t\u00e8cnics, administratius o financers espec\u00edfics relacionats amb el projecte, sempre que s&#8217;hagi obtingut perm\u00eds per esmentar-los.<\/p>\n\n\n\n<h2 class=\"wp-block-heading\"><strong>Materials complementaris<\/strong><\/h2>\n\n\n\n<p>El material complementari per a la nostra revista electr\u00f2nica pot incloure recursos multim\u00e8dia com \u00e0udios i v\u00eddeos; arxius addicionals, com conjunts de dades i metodologies; i elements interactius, com enlla\u00e7os. A m\u00e9s, es poden afegir elements visuals d&#8217;alta qualitat, com infografies, gr\u00e0fics, imatges i mapes, assegurant que estiguin lliures de drets d&#8217;autor o que se citin correctament.&nbsp;<\/p>\n\n\n\n<p>Si l&#8217;autor ho considera convenient, pot pujar arxiuscomplementaris, com s\u00f3n imatges en alta resoluci\u00f3 o arxius natius (Illustrator, Corel Draw etc.), aix\u00ed com gr\u00e0fics generats en PowerPoint o en Excel).<\/p>\n\n\n\n<p>Per a figures o imatges, es recomana l&#8217;extensi\u00f3 JPG. PNG. GIF. SVG. o TiF a 300 p\u00edxels. Els arxius per a Annexos es poden enviar en PDF original, Word (que ser\u00e0 convertit) o en imatges d&#8217;alta qualitat. Les dades es poden enviar en format CSV o XLSX.<\/p>\n\n\n\n<h2 class=\"wp-block-heading\"><strong>Dades d&#8217;investigaci\u00f3 en repositoris federats (EOSC)<\/strong><\/h2>\n\n\n\n<p>A&nbsp;<em>Apunts Educaci\u00f3 F\u00edsica i Esports<\/em>&nbsp;volem que les dades utilitzades als articles estiguin disponibles perqu\u00e8 altres investigadors puguin consultar-los i utilitzar-los. Per aix\u00f2, demanem als autors que:<\/p>\n\n\n\n<ul>\n<li>Dipositin les seves dades en repositoris p\u00fablics reconeguts, preferiblement en repositoris federats com els que ofereix l&#8217;European Open Science Cloud (EOSC) o de similars (per exemple, Zenodo o Figshare).<\/li>\n\n\n\n<li>Comparteixin les dades de forma oberta sempre que sigui possible, tret que existeixin raons \u00e8tiques o legals que ho impedeixin.<\/li>\n\n\n\n<li>Incloguin a l&#8217;article una secci\u00f3 anomenada \u201cDades d&#8217;investigaci\u00f3\u201d en la qual expliquin on es poden trobar les dades i com accedir-hi, incloent l&#8217;enlla\u00e7 o codi identificador.<\/li>\n<\/ul>\n\n\n\n<p>La revista verificar\u00e0 que les dades estiguin disponibles abans de publicar l&#8217;article. Si no es compleixen aquests requisits, es demanar\u00e0 als autors que facin les correccions necess\u00e0ries abans d&#8217;acceptar el treball<\/p>\n\n\n\n<p>A continuaci\u00f3, a tall d&#8217;orientaci\u00f3, es proveeix una llista no exhaustiva de repositoris p\u00fablics entre els quals les autories poden triar el que considerin m\u00e9s adequat, o qualsevol altre repositori no incl\u00f2s en aquesta llista, sempre que valorin que compleixi les condicions de disponibilitat.<\/p>\n\n\n\n<ul>\n<li>Zenodo<\/li>\n\n\n\n<li>OpenAIRE<\/li>\n\n\n\n<li>CESSDA Data Catalogue<\/li>\n\n\n\n<li>Open Science Framework<\/li>\n<\/ul>\n\n\n\n<h2 class=\"wp-block-heading\"><strong>Pol\u00edtica de conservaci\u00f3 i preservaci\u00f3<\/strong><\/h2>\n\n\n\n<p><em>Apunts Educaci\u00f3 F\u00edsica i Esports<\/em>&nbsp;fomenta el dip\u00f2sit de la versi\u00f3 final publicada dels articles en repositoris oberts, a fi de facilitar l&#8217;acc\u00e9s i la difusi\u00f3 del coneixement cient\u00edfic.<\/p>\n\n\n\n<p>Espec\u00edficament, la revista diposita els articles en repositoris reconeguts com el Repositori Cient\u00edfic d&#8217;Acc\u00e9s Obert de Catalunya (<a href=\"mailto:https:\/\/raco.cat\/raco\/index.php\/es\/inicio\/#gsc.tab=0\">RACO<\/a>), respectant sempre els termes de la llic\u00e8ncia Creative Commons sota la qual es publica l&#8217;article.<\/p>\n\n\n\n<p><em>Apunts Educaci\u00f3 F\u00edsica i Esports<\/em>&nbsp;realitza c\u00f2pies de seguretat di\u00e0ries dels seus arxiusi bases de dades, fet que permet la seva recuperaci\u00f3 en qualsevol moment.<\/p>\n\n\n\n<h2 class=\"wp-block-heading\"><strong>Pol\u00edtica de bones pr\u00e0ctiques en q\u00fcestions de g\u00e8nere<\/strong><\/h2>\n\n\n\n<p><em>Apunts Educaci\u00f3 F\u00edsica i Esports<\/em>&nbsp;est\u00e0 compromesa amb la promoci\u00f3 de la igualtat entre dones i homes en tots els \u00e0mbits de l&#8217;activitat cient\u00edfica. La revista impulsa la visibilitzaci\u00f3 del treballdesenvolupat per investigadores i l&#8217;\u00fas d&#8217;un llenguatge inclusiu i respectu\u00f3s a totes les seves publicacions.<\/p>\n\n\n\n<p>Per complir aquest comprom\u00eds, la revista desenvolupa les seg\u00fcents accions:<\/p>\n\n\n\n<ul>\n<li>Equilibri en la composici\u00f3 dels \u00f2rgans editorials: es garanteix una representaci\u00f3 equilibrada entre dones i homes als \u00f2rgans de Direcci\u00f3Secretaria de Redacci\u00f3, Consell de Redacci\u00f3 i Consell Assessor.<\/li>\n\n\n\n<li>Participaci\u00f3 de dones revisores: es procura assegurar que almenys el 40 % de les persones revisores de manuscrits siguin dones.<\/li>\n\n\n\n<li>\u00das de llenguatge inclusiu: s&#8217;exigeix la utilitzaci\u00f3 d&#8217;un llenguatge inclusiu i lliure de biaixos als articles cient\u00edfics, que reconegui la diversitat, promogui la igualtat d&#8217;oportunitats i eviti expressions discriminat\u00f2ries o estereotipades per ra\u00f3 de sexe, ra\u00e7a, cultura o altres caracter\u00edstiques. Es recomana consultar la&nbsp;<em><a href=\"https:\/\/www.csic.es\/sites\/default\/files\/2023-01\/guia_para_un_uso_no_sexista_de_la_lengua_adoptada_por_csic2.pdf\" target=\"_blank\" rel=\"noopener\">Guia b\u00e0sica per a un \u00fas del llenguatge no sexista<\/a>.<\/em><\/li>\n\n\n\n<li>Consideraci\u00f3 del sexe i del g\u00e8nere en la investigaci\u00f3: es requereix que les persones autores indiquin si les variables sexe i\/o g\u00e8nere han estat contemplades en el disseny, an\u00e0lisi i presentaci\u00f3 de resultats de l&#8217;estudi, a fi d&#8217;identificar possibles difer\u00e8ncies, desigualtats o biaixos.<\/li>\n\n\n\n<li>Recomanacions sobre inclusi\u00f3 de l&#8217;an\u00e0lisi de sexe\/g\u00e8nere: es fomenta el desenvolupament d&#8217;an\u00e0lisis espec\u00edfiques que integrin la comparaci\u00f3 entre dones i homes, aix\u00ed com la discussi\u00f3 de les troballes des d&#8217;una perspectiva de g\u00e8nere quan resulti pertinent per a l&#8217;objecte d&#8217;estudi.<\/li>\n\n\n\n<li>Avaluaci\u00f3 de la perspectiva de g\u00e8nere en el proc\u00e9s de revisi\u00f3: les persones revisores valoraran l&#8217;adequaci\u00f3 i rigor en la incorporaci\u00f3 de la perspectiva de sexe\/g\u00e8nere quan sigui rellevant per al manuscrit, aix\u00ed com la correcta interpretaci\u00f3 dels resultats, evitant generalitzacions esbiaixades.<\/li>\n\n\n\n<li>Identificaci\u00f3 completa d&#8217;autories: es promou la inclusi\u00f3 del nom complet de tots els autors i autores en els treballs publicats.<\/li>\n<\/ul>\n\n\n\n<h2 class=\"wp-block-heading\"><strong>Pol\u00edtica d&#8217;arbitratge cient\u00edfic extern<\/strong><\/h2>\n\n\n\n<p><em>Apunts Educaci\u00f3 F\u00edsica i Esports<\/em>&nbsp;aplica un sistema d&#8217;arbitratge cient\u00edfic extern per garantir la qualitat, l\u2019objectivitat i el rigor acad\u00e8mic dels treballs publicats.<\/p>\n\n\n\n<p>Tots els manuscrits que es reben s\u00f3n avaluats inicialment per l&#8217;equip editorial per verificar la seva adequaci\u00f3 a la tem\u00e0tica de la revista, les normes de publicaci\u00f3 i els requisits \u00e8tics. Els articles que superen aquesta fase s\u2019envien a avaluadors externs i independents, especialistes en l&#8217;\u00e0mbit de coneixement corresponent, seguint el sistema de revisi\u00f3 per parells en modalitat de doble cec, en qu\u00e8 tant els autors com els revisors es mantenen an\u00f2nims.<\/p>\n\n\n\n<p>Els revisors valoren l&#8217;originalitat, la rellev\u00e0ncia, la solidesa metodol\u00f2gica, la claredat en l&#8217;exposici\u00f3 i l&#8217;adequaci\u00f3 als objectius de la revista. Els seus informes serveixen de base per a la decisi\u00f3 editorial final, que pot ser: acceptaci\u00f3, acceptaci\u00f3 amb modificacions, nova revisi\u00f3 o rebuig.<\/p>\n\n\n\n<p>Aquest proc\u00e9s d&#8217;arbitratge extern constitueix un element essencial per garantir la transpar\u00e8ncia, la imparcialitat i el comprom\u00eds amb l&#8217;excel\u00b7l\u00e8ncia cient\u00edfica d<em>&#8216;Apunts Educaci\u00f3 F\u00edsica i Esports.<\/em><\/p>\n","protected":false},"excerpt":{"rendered":"<p>Apunts Educaci\u00f3 F\u00edsica i Esports \u00e9s una revista cient\u00edfica editada per l\u2019Institut Nacional d&#8217;Educaci\u00f3 F\u00edsica de Catalunya (INEFC), a Espanya, que publica articles cient\u00edfics de manera ininterrompuda des de 1985. \u00c9s una revista triling\u00fce (castell\u00e0, catal\u00e0 i angl\u00e8s) especialitzada en l&#8217;\u00e0mbit de les ci\u00e8ncies de l&#8217;activitat f\u00edsica i l&#8217;esport. Publica articles originals de car\u00e0cter cient\u00edfic [&hellip;]<\/p>\n","protected":false},"author":2,"featured_media":0,"parent":0,"menu_order":1,"comment_status":"closed","ping_status":"closed","template":"template-pagesidebar.php","meta":{"_editorskit_title_hidden":false,"_editorskit_reading_time":1,"_editorskit_is_block_options_detached":false,"_editorskit_block_options_position":"{}","inline_featured_image":false,"advgb_blocks_editor_width":"","advgb_blocks_columns_visual_guide":"","footnotes":""},"coauthors":[],"author_meta":{"author_link":"https:\/\/revista-apunts.com\/ca\/author\/finderwilber\/","display_name":"finderwilber"},"relative_dates":{"created":"Posted 6 anys ago","modified":"Updated 5 mesos ago"},"absolute_dates":{"created":"Posted on 19 juny 2020","modified":"Updated on 7 desembre 2025"},"absolute_dates_time":{"created":"Posted on 19 juny 2020 08:52","modified":"Updated on 7 desembre 2025 08:31"},"featured_img_caption":"","featured_img":false,"series_order":"","_links":{"self":[{"href":"https:\/\/revista-apunts.com\/ca\/wp-json\/wp\/v2\/pages\/528\/"}],"collection":[{"href":"https:\/\/revista-apunts.com\/ca\/wp-json\/wp\/v2\/pages\/"}],"about":[{"href":"https:\/\/revista-apunts.com\/ca\/wp-json\/wp\/v2\/types\/page\/"}],"author":[{"embeddable":true,"href":"https:\/\/revista-apunts.com\/ca\/wp-json\/wp\/v2\/users\/2\/"}],"replies":[{"embeddable":true,"href":"https:\/\/revista-apunts.com\/ca\/wp-json\/wp\/v2\/comments\/?post=528"}],"version-history":[{"count":23,"href":"https:\/\/revista-apunts.com\/ca\/wp-json\/wp\/v2\/pages\/528\/revisions\/"}],"predecessor-version":[{"id":69787,"href":"https:\/\/revista-apunts.com\/ca\/wp-json\/wp\/v2\/pages\/528\/revisions\/69787\/"}],"wp:attachment":[{"href":"https:\/\/revista-apunts.com\/ca\/wp-json\/wp\/v2\/media\/?parent=528"}],"curies":[{"name":"wp","href":"https:\/\/api.w.org\/{rel}","templated":true}]}}