{"id":44434,"date":"2021-01-25T14:15:34","date_gmt":"2021-01-25T14:15:34","guid":{"rendered":"https:\/\/revista-apunts.com\/?page_id=44434"},"modified":"2026-04-01T08:27:10","modified_gmt":"2026-04-01T08:27:10","slug":"enviament-de-material","status":"publish","type":"page","link":"https:\/\/revista-apunts.com\/ca\/enviament-de-material\/","title":{"rendered":"Enviament de material"},"content":{"rendered":"\n<h2 class=\"wp-block-heading has-text-align-left\">Els articles s\u2019han d\u2019enviar\u00a0per\u00a0<a href=\"http:\/\/ojs.revista-apunts.com\/index.php\/revistaapunts\/login\">l&#8217;acc\u00e9s en l\u00ednia<\/a>\u00a0d\u2019aquesta publicaci\u00f3, i l\u2019autoria\u00a0s&#8217;haur\u00e0\u00a0de\u00a0<a href=\"http:\/\/ojs.revista-apunts.com\/index.php\/revistaapunts\/user\/register\">registrar<\/a>\u00a0pr\u00e8viament.<\/h2>\n\n\n\n<div class=\"wp-block-columns no-margin-bottom is-layout-flex wp-container-3 wp-block-columns-is-layout-flex\">\n<div class=\"wp-block-column is-layout-flow wp-block-column-is-layout-flow\">\n<p class=\"chevron right button-link\"><a href=\"https:\/\/ojs.revista-apunts.com\/index.php\/revistaapunts\/login\">EL MEU COMPTE<\/a><\/p>\n<\/div>\n\n\n\n<div class=\"wp-block-column is-layout-flow wp-block-column-is-layout-flow\">\n<p class=\"chevron right button-link\"><a href=\"http:\/\/ojs.revista-apunts.com\/index.php\/revistaapunts\/user\/register\">REGISTREU-VOS-HI<\/a><\/p>\n<\/div>\n<\/div>\n\n\n\n<h2 class=\"wp-block-heading\">El proc\u00e9s d\u2019enviament de manuscrits consta de&nbsp;<strong>5 passos<\/strong>:<\/h2>\n\n\n\n<ul>\n<li><strong>PAS 1. INICI:<\/strong>&nbsp;comprovaci\u00f3 de l\u2019enviament; les autories transfereixen els drets de propietat i poden fer comentaris a l\u2019equip editorial.<\/li>\n\n\n\n<li><strong>PAS<\/strong> <strong>2.&nbsp;PUJAR ENVIAMENT:&nbsp;<\/strong>es puja l\u2019article original (.doc .docx) que s\u2019ha de revisar i la seva traducci\u00f3 a les altres lleng\u00fces, si se\u2019n disposa.<\/li>\n\n\n\n<li><strong>PAS<\/strong> <strong>3.&nbsp;INTRODUIR LES METADADES:&nbsp;<\/strong>s\u2019emplenen les dades personals de les autories i s\u2019indica l\u2019autor\/a de contacte.<\/li>\n\n\n\n<li><strong>PAS<\/strong> <strong>4.&nbsp;PUJAR FITXERS COMPLEMENTARIS:<\/strong>&nbsp;en aquest pas es puja la p\u00e0gina de presentaci\u00f3 en un document de Microsoft Word o similar (eviteu PDF). Aquest document serveix per facilitar la tasca del gestor editorial i consta de: dades identificatives, afiliaci\u00f3 i dades de contacte de les autories (definint l\u2019autor\/a de correspond\u00e8ncia), gr\u00e0fics, imatges o v\u00eddeos en alta qualitat per millorar l\u2019article (optatiu).<\/li>\n\n\n\n<li><strong>PAS 5. CONFIRMACI\u00d3:<\/strong>&nbsp;pas final en el qual es confirma l\u2019enviament.<\/li>\n<\/ul>\n\n\n\n<p>Assegureu-vos que el vostre article compleix les&nbsp;<a href=\"https:\/\/revista-apunts.com\/ca\/normes-de-publicacio\/\">Normes de publicaci\u00f3<\/a><\/p>\n","protected":false},"excerpt":{"rendered":"<p>Els articles s\u2019han d\u2019enviar\u00a0per\u00a0l&#8217;acc\u00e9s en l\u00ednia\u00a0d\u2019aquesta publicaci\u00f3, i l\u2019autoria\u00a0s&#8217;haur\u00e0\u00a0de\u00a0registrar\u00a0pr\u00e8viament. EL MEU COMPTE REGISTREU-VOS-HI El proc\u00e9s d\u2019enviament de manuscrits consta de&nbsp;5 passos: Assegureu-vos que el vostre article compleix les&nbsp;Normes de publicaci\u00f3<\/p>\n","protected":false},"author":1,"featured_media":0,"parent":0,"menu_order":0,"comment_status":"closed","ping_status":"closed","template":"","meta":{"_editorskit_title_hidden":false,"_editorskit_reading_time":1,"_editorskit_is_block_options_detached":false,"_editorskit_block_options_position":"{}","inline_featured_image":false,"advgb_blocks_editor_width":"","advgb_blocks_columns_visual_guide":"","footnotes":""},"coauthors":[],"author_meta":{"author_link":"https:\/\/revista-apunts.com\/ca\/author\/doc_inefc\/","display_name":"doc_inefc"},"relative_dates":{"created":"Posted 5 anys ago","modified":"Updated 2 setmanes ago"},"absolute_dates":{"created":"Posted on 25 gener 2021","modified":"Updated on 1 abril 2026"},"absolute_dates_time":{"created":"Posted on 25 gener 2021 14:15","modified":"Updated on 1 abril 2026 08:27"},"featured_img_caption":"","featured_img":false,"series_order":"","_links":{"self":[{"href":"https:\/\/revista-apunts.com\/ca\/wp-json\/wp\/v2\/pages\/44434\/"}],"collection":[{"href":"https:\/\/revista-apunts.com\/ca\/wp-json\/wp\/v2\/pages\/"}],"about":[{"href":"https:\/\/revista-apunts.com\/ca\/wp-json\/wp\/v2\/types\/page\/"}],"author":[{"embeddable":true,"href":"https:\/\/revista-apunts.com\/ca\/wp-json\/wp\/v2\/users\/1\/"}],"replies":[{"embeddable":true,"href":"https:\/\/revista-apunts.com\/ca\/wp-json\/wp\/v2\/comments\/?post=44434"}],"version-history":[{"count":38,"href":"https:\/\/revista-apunts.com\/ca\/wp-json\/wp\/v2\/pages\/44434\/revisions\/"}],"predecessor-version":[{"id":71795,"href":"https:\/\/revista-apunts.com\/ca\/wp-json\/wp\/v2\/pages\/44434\/revisions\/71795\/"}],"wp:attachment":[{"href":"https:\/\/revista-apunts.com\/ca\/wp-json\/wp\/v2\/media\/?parent=44434"}],"curies":[{"name":"wp","href":"https:\/\/api.w.org\/{rel}","templated":true}]}}