{"id":166,"date":"2020-04-22T11:18:21","date_gmt":"2020-04-22T11:18:21","guid":{"rendered":"http:\/\/revista-apunts.com\/?page_id=166"},"modified":"2020-06-28T08:50:29","modified_gmt":"2020-06-28T08:50:29","slug":"contacte","status":"publish","type":"page","link":"https:\/\/revista-apunts.com\/ca\/contacte\/","title":{"rendered":"Contacte"},"content":{"rendered":"\n<div class=\"wp-block-columns is-layout-flex wp-container-6 wp-block-columns-is-layout-flex\">\n<div class=\"wp-block-column is-layout-flow wp-block-column-is-layout-flow\" style=\"flex-basis:66.66%\">\n<h2 class=\"wp-block-heading\">Informaci\u00f3 de Contacte<\/h2>\n\n\n\n<figure><iframe loading=\"lazy\" src=\"https:\/\/www.google.com\/maps\/d\/embed?mid=19gxO3eNxRKERtvL23r9g83Fr3sU\" width=\"640\" height=\"480\"><\/iframe><\/figure>\n\n\n\n<div class=\"wp-block-columns is-layout-flex wp-container-3 wp-block-columns-is-layout-flex\">\n<div class=\"wp-block-column is-layout-flow wp-block-column-is-layout-flow\">\n<h2 class=\"wp-block-heading\"><strong>Adre\u00e7a:<\/strong>&nbsp;<\/h2>\n\n\n\n<p>Apunts. Educaci\u00f3 F\u00edsica i Esports<br>Institut Nacional d\u2019Educaci\u00f3 Fisica de Catalunya<br>Av. de l\u2019Estadi, s\/n. Anella Ol\u00edmpica. Montju\u00efc<br>08038 Barcelona<\/p>\n<\/div>\n\n\n\n<div class=\"wp-block-column is-layout-flow wp-block-column-is-layout-flow\">\n<h2 class=\"wp-block-heading\"><strong>Secretaria:<\/strong>&nbsp;<\/h2>\n\n\n\n<p>Elena Gil<br>Tel\u00e8fon: (+34) 93 425 54 45 Ext. 236<br>FAX: (+34) 93 426 15 89<br><a href=\"mailto:pubinefc@gencat.cat\">pubinefc@gencat.cat<\/a><\/p>\n\n\n\n<h2 class=\"wp-block-heading\"><strong>Gesti\u00f3 editorial i suport:<\/strong><\/h2>\n\n\n\n<p>Jordi Serrano Vald\u00e9s<br>Tel\u00e8fon: (+34) 93 241 79 89<br><a href=\"mailto:info@revista-apunts.com\">info@revista-apunts.com<\/a><\/p>\n<\/div>\n<\/div>\n<\/div>\n\n\n\n<div class=\"wp-block-column is-layout-flow wp-block-column-is-layout-flow\" style=\"flex-basis:33.33%\">\n<h2 class=\"wp-block-heading\">Formulari de Contacte<\/h2>\n\n\n\n<div class=\"wpcf7 no-js\" id=\"wpcf7-f145-o1\" lang=\"es-ES\" dir=\"ltr\">\n<div class=\"screen-reader-response\"><p role=\"status\" aria-live=\"polite\" aria-atomic=\"true\"><\/p> <ul><\/ul><\/div>\n<form action=\"\/ca\/wp-json\/wp\/v2\/pages\/166\/#wpcf7-f145-o1\" method=\"post\" class=\"wpcf7-form init\" aria-label=\"Formulari de contacte\" novalidate=\"novalidate\" data-status=\"init\">\n<div style=\"display: none;\">\n<input type=\"hidden\" name=\"_wpcf7\" value=\"145\" \/>\n<input type=\"hidden\" name=\"_wpcf7_version\" value=\"5.9.2\" \/>\n<input type=\"hidden\" name=\"_wpcf7_locale\" value=\"es_ES\" \/>\n<input type=\"hidden\" name=\"_wpcf7_unit_tag\" value=\"wpcf7-f145-o1\" \/>\n<input type=\"hidden\" name=\"_wpcf7_container_post\" value=\"0\" \/>\n<input type=\"hidden\" name=\"_wpcf7_posted_data_hash\" value=\"\" \/>\n<input type=\"hidden\" name=\"_wpcf7_recaptcha_response\" value=\"\" \/>\n<\/div>\n<input class=\"wpcf7-form-control wpcf7-hidden\" value=\"Contacte web\" type=\"hidden\" name=\"your-subject\" \/>\n<p><label> Nombre<br \/>\n<span class=\"wpcf7-form-control-wrap\" data-name=\"your-name\"><input size=\"40\" class=\"wpcf7-form-control wpcf7-text wpcf7-validates-as-required\" aria-required=\"true\" aria-invalid=\"false\" value=\"\" type=\"text\" name=\"your-name\" \/><\/span> <\/label>\n<\/p>\n<p><label> Email<br \/>\n<span class=\"wpcf7-form-control-wrap\" data-name=\"your-email\"><input size=\"40\" class=\"wpcf7-form-control wpcf7-email wpcf7-validates-as-required wpcf7-text wpcf7-validates-as-email\" aria-required=\"true\" aria-invalid=\"false\" value=\"\" type=\"email\" name=\"your-email\" \/><\/span> <\/label>\n<\/p>\n<p><label> Mensaje<br \/>\n<span class=\"wpcf7-form-control-wrap\" data-name=\"your-message\"><textarea cols=\"40\" rows=\"10\" class=\"wpcf7-form-control wpcf7-textarea\" aria-invalid=\"false\" name=\"your-message\"><\/textarea><\/span> <\/label><br \/>\n<p class=\"accept-politcy\"><span class=\"wpcf7-form-control-wrap acceptance-848\"><span class=\"wpcf7-form-control wpcf7-acceptance\"><span class=\"wpcf7-list-item\"><input type=\"checkbox\" name=\"acceptance-848\" value=\"1\" aria-invalid=\"false\"><\/span><\/span><\/span>Accepto la <a rel=\"nofollow\" href=\"https:\/\/revista-apunts.com\/politica-privacidad\/\" target=\"_blank\">Pol\u00edtica de privacidad<\/a> <\/p>\n<\/p>\n<div class=\"chevron right blue\">\n\t<p><input class=\"wpcf7-form-control wpcf7-submit has-spinner\" type=\"submit\" value=\"Enviar\" \/>\n\t<\/p>\n<\/div><input type='hidden' class='wpcf7-pum' value='{\"closepopup\":false,\"closedelay\":0,\"openpopup\":false,\"openpopup_id\":0}' \/><div class=\"wpcf7-response-output\" aria-hidden=\"true\"><\/div>\n<\/form>\n<\/div>\n\n\n\n\n<p class=\"has-small-font-size\">D\u2019acord amb el que estableix la Llei Org\u00e0nica 15\/1999, l\u2019informem que les dades obtingudes d\u2019aquest formulari seran incorporades a un fitxer automatitzat sota la responsabilitat d\u2019Apunts. Educaci\u00f3 F\u00edsica i Esports amb la finalitat d\u2019atendre les seves consultes i remetre-li informaci\u00f3 relacionada que pugui ser del seu inter\u00e8s. Pot exercir els seus drets d\u2019acc\u00e9s, rectificaci\u00f3, cancel\u00b7laci\u00f3 i oposici\u00f3 mitjan\u00e7ant un escrit a la nostra adre\u00e7a Av. de l\u2019Estadi, s\/n. Anella Ol\u00edmpica. Montju\u00efc&nbsp;08038 Barcelona.<\/p>\n<\/div>\n<\/div>\n","protected":false},"excerpt":{"rendered":"<p>Informaci\u00f3 de Contacte Adre\u00e7a:&nbsp; Apunts. Educaci\u00f3 F\u00edsica i EsportsInstitut Nacional d\u2019Educaci\u00f3 Fisica de CatalunyaAv. de l\u2019Estadi, s\/n. Anella Ol\u00edmpica. Montju\u00efc08038 Barcelona Secretaria:&nbsp; Elena GilTel\u00e8fon: (+34) 93 425 54 45 Ext. 236FAX: (+34) 93 426 15 89pubinefc@gencat.cat Gesti\u00f3 editorial i suport: Jordi Serrano Vald\u00e9sTel\u00e8fon: (+34) 93 241 79 89info@revista-apunts.com Formulari de Contacte D\u2019acord amb el que [&hellip;]<\/p>\n","protected":false},"author":1,"featured_media":0,"parent":0,"menu_order":0,"comment_status":"closed","ping_status":"closed","template":"","meta":{"_editorskit_title_hidden":false,"_editorskit_reading_time":0,"_editorskit_is_block_options_detached":false,"_editorskit_block_options_position":"{}","inline_featured_image":false,"advgb_blocks_editor_width":"","advgb_blocks_columns_visual_guide":"","footnotes":""},"coauthors":[],"author_meta":{"author_link":"https:\/\/revista-apunts.com\/ca\/author\/doc_inefc\/","display_name":"doc_inefc"},"relative_dates":{"created":"Posted 6 anys ago","modified":"Updated 6 anys ago"},"absolute_dates":{"created":"Posted on 22 abril 2020","modified":"Updated on 28 juny 2020"},"absolute_dates_time":{"created":"Posted on 22 abril 2020 11:18","modified":"Updated on 28 juny 2020 08:50"},"featured_img_caption":"","featured_img":false,"series_order":"","_links":{"self":[{"href":"https:\/\/revista-apunts.com\/ca\/wp-json\/wp\/v2\/pages\/166\/"}],"collection":[{"href":"https:\/\/revista-apunts.com\/ca\/wp-json\/wp\/v2\/pages\/"}],"about":[{"href":"https:\/\/revista-apunts.com\/ca\/wp-json\/wp\/v2\/types\/page\/"}],"author":[{"embeddable":true,"href":"https:\/\/revista-apunts.com\/ca\/wp-json\/wp\/v2\/users\/1\/"}],"replies":[{"embeddable":true,"href":"https:\/\/revista-apunts.com\/ca\/wp-json\/wp\/v2\/comments\/?post=166"}],"version-history":[{"count":1,"href":"https:\/\/revista-apunts.com\/ca\/wp-json\/wp\/v2\/pages\/166\/revisions\/"}],"predecessor-version":[{"id":168,"href":"https:\/\/revista-apunts.com\/ca\/wp-json\/wp\/v2\/pages\/166\/revisions\/168\/"}],"wp:attachment":[{"href":"https:\/\/revista-apunts.com\/ca\/wp-json\/wp\/v2\/media\/?parent=166"}],"curies":[{"name":"wp","href":"https:\/\/api.w.org\/{rel}","templated":true}]}}