{"id":160,"date":"2020-04-22T11:16:08","date_gmt":"2020-04-22T11:16:08","guid":{"rendered":"http:\/\/revista-apunts.com\/?page_id=160"},"modified":"2020-06-28T08:55:18","modified_gmt":"2020-06-28T08:55:18","slug":"politica-de-privacitat","status":"publish","type":"page","link":"https:\/\/revista-apunts.com\/ca\/politica-de-privacitat\/","title":{"rendered":"Pol\u00edtica de privacitat"},"content":{"rendered":"\n<h2 class=\"wp-block-heading\"><strong>Introducci\u00f3<\/strong><\/h2>\n\n\n\n<p>En aquesta pol\u00edtica de protecci\u00f3 de dades t\u2019expliquem com recopilem, utilitzem, compartim i protegim la teva informaci\u00f3 de car\u00e0cter personal.<br>El principal objectiu de la nostra pol\u00edtica de protecci\u00f3 de dades \u00e9s garantir el total compliment de la normativa vigent en mat\u00e8ria de protecci\u00f3 de dades i privacitat i la seguretat en el tractament de les teves dades personals.<\/p>\n\n\n\n<h2 class=\"wp-block-heading\"><strong>Responsable del tractament<\/strong><\/h2>\n\n\n\n<p>El Responsable del tractament de la revista apunts. Educaci\u00f3 F\u00edsica i Esports \u00e9s INEFC. Institut Nacional d\u2019Educaci\u00f3 F\u00edsica de Catalunya, amb domicili a Barcelona (08038), a l\u2019 Av. de l\u2019Estadi, 12-22, amb CIF n\u00fam. Q840019C, tel\u00e8fon 93 425 54 45 Ext. 236, a\/e:&nbsp;info@revista-apunts.com.<br>INEFC. Institut Nacional d\u2019Educaci\u00f3 F\u00edsica de Catalunya ha nomenat una persona delegada de protecci\u00f3 de dades amb la que es pot contactar mitjan\u00e7ant el seg\u00fcent correu electr\u00f2nic:&nbsp;dpd@revista-apunts.com.<\/p>\n\n\n\n<h2 class=\"wp-block-heading\"><strong>Finalitat del tractament<\/strong><\/h2>\n\n\n\n<p>Les dades personals facilitades per les&nbsp;<strong>persones relacionades<\/strong>&nbsp;amb apunts. Educaci\u00f3 F\u00edsica i Esports, aix\u00ed com les obtingudes durant la seva relaci\u00f3 amb la revista, seran tractades amb la finalitat de realitzar la gesti\u00f3 administrativa i organitzativa, gestionar la tramesa d\u2019informaci\u00f3 relacionada amb l\u2019activitat de la revista, la relaci\u00f3 hist\u00f2rica de c\u00e0rrecs i responsabilitats de l\u2019organitzaci\u00f3 i complir amb altres obligacions legals a les que estigui subjecte apunts. Educaci\u00f3 F\u00edsica i Esports<br>De la mateixa manera, les dades personals obtingudes de les&nbsp;<strong>persones vinculades<\/strong>&nbsp;a apunts. Educaci\u00f3 F\u00edsica i Esports seran tractades amb la finalitat de realitzar la gesti\u00f3 administrativa i organitzativa, gestionar tant les sol\u00b7licituds com la tramesa d\u2019informaci\u00f3 relacionada amb l\u2019activitat de la revista..<br>Les finalitats per a les quals seran tractades les dades personals del&nbsp;<strong>personal laboral&nbsp;<\/strong>de apunts. Educaci\u00f3 F\u00edsica i Esports s\u00f3n realitzar el control i gesti\u00f3 dels recursos editorials. Aix\u00ed mateix, les dades de les&nbsp;<strong>persones participants als processos de revisi\u00f3 d\u2019articles<\/strong>, seran tractades per a realitzar el control i gesti\u00f3 d\u2019aquests processos.<\/p>\n\n\n\n<p>Les dades personals proporcionades a apunts. Educaci\u00f3 F\u00edsica i Esports es conservaran mentre la persona interessada no en sol\u00b7liciti la seva supressi\u00f3. Un cop finalitzi la vinculaci\u00f3 de la persona interessada amb la revista, les dades es podran conservar (bloquejades), durant el temps establert per la legislaci\u00f3 aplicable en cada cas. En tot cas, nom\u00e9s seran emmagatzemades durant el temps necessari per a donar compliment a les possibles obligacions legals.<\/p>\n\n\n\n<h2 class=\"wp-block-heading\"><strong>Legitimaci\u00f3<\/strong><\/h2>\n\n\n\n<p>La base legal fonamental que permet a apunts. Educaci\u00f3 F\u00edsica i Esports el tractament de les dades de les persones vinculades a la revista \u00e9s el consentiment de la persona interessada expressat lliurement b\u00e9 amb la signatura d\u2019una butlleta de vinculaci\u00f3, b\u00e9 acceptant la Pol\u00edtica de protecci\u00f3 de dades de forma expressa en el corresponent formulari electr\u00f2nic.<br>En algunes ocasions, el tractament que du a terme apunts. Educaci\u00f3 F\u00edsica i Esports t\u00e9 com a fonament el seu inter\u00e8s leg\u00edtim, com pot ser la promoci\u00f3 de la seva activitat editorial aix\u00ed com el seu creixement en prestigi, sempre que no prevalguin els drets i llibertats fonamentals de les persones interessades.<br>Els contractes subscrits per apunts. Educaci\u00f3 F\u00edsica i Esports, ja siguin mercantils, laborals o convenis de col\u00b7laboraci\u00f3, legitimen el tractament de dades de les parts.<br>Per \u00faltim, apunts. Educaci\u00f3 F\u00edsica i Esports est\u00e0 legitimada per al tractament d\u2019aquelles dades necess\u00e0ries per poder complir les obligacions legals a les quals est\u00e0 subjecta per la Llei org\u00e0nica 15\/1999, de 13 desembre, de protecci\u00f3 de dades de car\u00e0cter personal (LOPD) i la Llei 34\/2002, d\u201911 juliol, de serveis de la societat de la informaci\u00f3 i de comer\u00e7 electr\u00f2nic (LSSICE) entre d\u2019altres.<\/p>\n\n\n\n<h2 class=\"wp-block-heading\"><strong>Cessi\u00f3 de dades a tercers<\/strong><\/h2>\n\n\n\n<p>Les dades de les persones vinculades a apunts. Educaci\u00f3 F\u00edsica i Esports podran ser comunicades leg\u00edtimament a:<\/p>\n\n\n\n<ul><li>Les autoritats competents per al compliment d\u2019obligacions legals: l\u2019Administraci\u00f3 Tribut\u00e0ria, jutjats i tribunals, Tribunal de Comptes i altres administracions p\u00fabliques amb compet\u00e8ncia en la mat\u00e8ria.<\/li><li>Els assessors professionals i tercers prove\u00efdors de serveis d\u2019apunts. Educaci\u00f3 F\u00edsica i Esports INEFC. Institut Nacional d\u2019Educaci\u00f3 F\u00edsica de Catalunya: en cas que sigui necessari que les dades personals facilitades a apunts. Educaci\u00f3 F\u00edsica i Esports siguin tractades per assessors professionals o prestadors de serveis, aquests actuaran com encarregats del tractament d\u2019acord amb el contracte signat a tal efecte i d\u2019acord amb el que estableix el RGPD.<\/li><\/ul>\n\n\n\n<p><strong>Drets de les persones interessades<\/strong><br>A continuaci\u00f3 s\u2019enumeren els drets en mat\u00e8ria de protecci\u00f3 de dades que tenen les persones interessades:<\/p>\n\n\n\n<ul><li><strong>Dret d\u2019acc\u00e9s:<\/strong>&nbsp;sol\u00b7licitar una c\u00f2pia de les seves dades personals que apunts. Educaci\u00f3 F\u00edsica i Esports t\u00e9 emmagatzemades.<\/li><li><strong>Dret de rectificaci\u00f3 o supressi\u00f3:<\/strong>&nbsp;sol\u00b7licitar la rectificaci\u00f3 de les dades inexactes, demanar-ne l\u2019actualitzaci\u00f3 o la seva supressi\u00f3.<\/li><li><strong>Dret<\/strong>&nbsp;<strong>de limitaci\u00f3 del tractament:<\/strong>&nbsp;sol\u00b7licitar la limitaci\u00f3 del tractament de les dades personals, en aquest cas les conservarem \u00fanicament per a l\u2019exercici o defensa de reclamacions.<ul><li><strong>Dret d\u2019oposici\u00f3 al tractament:<\/strong>&nbsp;sol\u00b7licitar que apunts. Educaci\u00f3 F\u00edsica i Esports deixi de tractar les dades, en la forma que ho indiqui, tret que per motius leg\u00edtims, imperiosos o en motiu de l\u2019exercici o defensa de possibles reclamacions s\u2019hagin de seguir tractant.<\/li><\/ul><\/li><li><strong>Dret a la portabilitat:<\/strong>&nbsp;sol\u00b7licitar que les seves dades siguin tractades per un altre responsable, en aquest cas, apunts. Educaci\u00f3 F\u00edsica i Esports se\u2019n facilitar\u00e0 la portabilitat.<\/li><\/ul>\n\n\n\n<p>La persona interessada podr\u00e0, en qualsevol moment,&nbsp;<strong>retirar el seu consentiment<\/strong>&nbsp;per al tractament espec\u00edfic de les seves dades de car\u00e0cter personal. Aix\u00f2, per\u00f2, no afectar\u00e0 la licitud del tractament basat en el consentiment amb anterioritat a la seva retirada.<\/p>\n\n\n\n<p>La persona interessada podr\u00e0&nbsp;<strong>exercir aquests drets<\/strong>&nbsp;adre\u00e7ant-se a la persona Delegada de protecci\u00f3 de dades mitjan\u00e7ant el correu electr\u00f2nic dpd@revista-apunts.com o b\u00e9 a l\u2019adre\u00e7a postal Av. de l\u2019Estadi, 12-22. 08038 Barcelona. La sol\u00b7licitud haur\u00e0 de ser per escrit i s\u2019haur\u00e0 d\u2019acreditar la identitat de la persona interessada, adjuntant una fotoc\u00f2pia del DNI, al tractar-se d\u2019un dret personal\u00edssim.<br>Aix\u00ed mateix les persones interessades podran acudir a l\u2019<strong>Ag\u00e8ncia Espanyola de Protecci\u00f3 de Dades<\/strong>&nbsp;per reclamar l\u2019exercici dels seus drets o qualsevol altra q\u00fcesti\u00f3 relacionada amb el compliment de la normativa de protecci\u00f3 de dades (m\u00e9s informaci\u00f3 a&nbsp;<a href=\"http:\/\/www.agpd.es\/portalwebAGPD\/index-ides-idphp.php\" target=\"_blank\" rel=\"noopener\"><strong>www.agpd.es<\/strong><\/a>).<\/p>\n\n\n\n<h2 class=\"wp-block-heading\"><strong>Proced\u00e8ncia<\/strong><\/h2>\n\n\n\n<p>Les dades personals que tracta apunts. Educaci\u00f3 F\u00edsica i Esports s\u00f3n comunicades volunt\u00e0riament per les persones interessades en el moment de:<\/p>\n\n\n\n<ul><li>Signar i lliurar la petici\u00f3 de revisi\u00f3 d\u2019articles per publicar a la revista.<\/li><li>Acceptar la Pol\u00edtica de protecci\u00f3 de dades de forma expressa en omplir un formulari electr\u00f2nic d\u2019inscripci\u00f3 a un acte, de participaci\u00f3 a una campanya o de sol\u00b7licitud d\u2019informaci\u00f3.<\/li><li>Lliurar el curr\u00edculum o acceptar ser revisor de la revista.<\/li><\/ul>\n","protected":false},"excerpt":{"rendered":"<p>Introducci\u00f3 En aquesta pol\u00edtica de protecci\u00f3 de dades t\u2019expliquem com recopilem, utilitzem, compartim i protegim la teva informaci\u00f3 de car\u00e0cter personal.El principal objectiu de la nostra pol\u00edtica de protecci\u00f3 de dades \u00e9s garantir el total compliment de la normativa vigent en mat\u00e8ria de protecci\u00f3 de dades i privacitat i la seguretat en el tractament de [&hellip;]<\/p>\n","protected":false},"author":1,"featured_media":0,"parent":0,"menu_order":0,"comment_status":"closed","ping_status":"closed","template":"","meta":{"_editorskit_title_hidden":false,"_editorskit_reading_time":0,"_editorskit_is_block_options_detached":false,"_editorskit_block_options_position":"{}","inline_featured_image":false,"advgb_blocks_editor_width":"","advgb_blocks_columns_visual_guide":"","footnotes":""},"coauthors":[],"author_meta":{"author_link":"https:\/\/revista-apunts.com\/ca\/author\/doc_inefc\/","display_name":"doc_inefc"},"relative_dates":{"created":"Posted 6 anys ago","modified":"Updated 6 anys ago"},"absolute_dates":{"created":"Posted on 22 abril 2020","modified":"Updated on 28 juny 2020"},"absolute_dates_time":{"created":"Posted on 22 abril 2020 11:16","modified":"Updated on 28 juny 2020 08:55"},"featured_img_caption":"","featured_img":false,"series_order":"","_links":{"self":[{"href":"https:\/\/revista-apunts.com\/ca\/wp-json\/wp\/v2\/pages\/160\/"}],"collection":[{"href":"https:\/\/revista-apunts.com\/ca\/wp-json\/wp\/v2\/pages\/"}],"about":[{"href":"https:\/\/revista-apunts.com\/ca\/wp-json\/wp\/v2\/types\/page\/"}],"author":[{"embeddable":true,"href":"https:\/\/revista-apunts.com\/ca\/wp-json\/wp\/v2\/users\/1\/"}],"replies":[{"embeddable":true,"href":"https:\/\/revista-apunts.com\/ca\/wp-json\/wp\/v2\/comments\/?post=160"}],"version-history":[{"count":1,"href":"https:\/\/revista-apunts.com\/ca\/wp-json\/wp\/v2\/pages\/160\/revisions\/"}],"predecessor-version":[{"id":162,"href":"https:\/\/revista-apunts.com\/ca\/wp-json\/wp\/v2\/pages\/160\/revisions\/162\/"}],"wp:attachment":[{"href":"https:\/\/revista-apunts.com\/ca\/wp-json\/wp\/v2\/media\/?parent=160"}],"curies":[{"name":"wp","href":"https:\/\/api.w.org\/{rel}","templated":true}]}}